{"id":2078,"date":"2019-10-15T11:47:14","date_gmt":"2019-10-15T09:47:14","guid":{"rendered":"http:\/\/berghotel-presslauer.at.w019c2cd.kasserver.com\/?page_id=2078"},"modified":"2025-09-28T11:59:09","modified_gmt":"2025-09-28T09:59:09","slug":"politica-sui-cookie","status":"publish","type":"page","link":"https:\/\/www.berghotel-presslauer.at\/it\/politica-sui-cookie\/","title":{"rendered":"Condizioni e condizioni di cancellazione"},"content":{"rendered":"\n\n\n<div class=\"wp-block-getwid-section alignwide alignwide\"><div class=\"wp-block-getwid-section__wrapper\"><div class=\"wp-block-getwid-section__inner-wrapper\"><div class=\"wp-block-getwid-section__background-holder\"><div class=\"wp-block-getwid-section__background\"><\/div><div class=\"wp-block-getwid-section__foreground\"><\/div><\/div><div class=\"wp-block-getwid-section__content\"><div class=\"wp-block-getwid-section__inner-content\">\n<h2 class=\"wp-block-heading\" id=\"h-termini-e-condizioni-generali\"><strong>TERMINI E CONDIZIONI GENERALI<\/strong><\/h2>\n\n\n\n<p>La prenotazione \u00e8 vincolante per noi quando il deposito \u00e8 stato accreditato sul nostro conto.<\/p>\n\n\n\n<p class=\"has-medium-font-size\"><strong>Politica di cancellazione &#8211; Termini e condizioni generali<\/strong><\/p>\n\n\n\n<p>La nostra politica di cancellazione \u00e8 semplice.<br>La cancellazione \u00e8 gratuita fino a 30 giorni prima dell&#8217;arrivo.<br>Dopo di che addebitiamo il 100% del prezzo totale. Meno la tassa locale, ovviamente.<br>For booking confirmation you have to pay a deposit of approx. 30% of the total price within 7 days.<br>Accettiamo solo cancellazioni di vacanze per iscritto.<\/p>\n\n\n\n<p><\/p>\n\n\n\n<p class=\"has-medium-font-size\"><strong>Albergo senza fumo<\/strong> &#8211; <strong>Termini e condizioni generali<\/strong><\/p>\n\n\n\n<p>Per il bene dei bambini, tutto il nostro hotel \u00e8 una zona non fumatori. I posacenere sono disponibili solo sui balconi o sulla nostra terrazza. Il fumo \u00e8 permesso solo l\u00ec. Tuttavia, siate rispettosi degli altri ospiti che vivono accanto o sopra di voi.<\/p>\n\n\n\n<p class=\"has-medium-font-size\"><strong>Check-in e Check-out \u2013 <strong>Termini e condizioni generali<\/strong><\/strong><\/p>\n\n\n\n<p>Le camere prenotate possono essere occupate a partire dalle 14:00. L&#8217;imbarco inizia con la cena e finisce con la colazione il giorno della partenza. Il giorno della partenza, vi preghiamo di liberare la vostra camera entro le 10 del mattino. Grazie mille!<br><\/p>\n\n\n\n<p class=\"has-medium-font-size\"><strong>Animali domestici &#8211; Termini e Condizioni generali<\/strong><\/p>\n\n\n\n<p>I cani sono naturalmente i benvenuti nel nostro hotel.<br>Diamo per scontato che siano ben educati e addestrati in casa e che non stiano sui nostri letti e mobili.<\/p>\n\n\n\n<p>Costi per cane: 8,- \u20ac\/giorno (senza cibo).<\/p>\n\n\n\n<p class=\"has-medium-font-size\"><strong>Pagamento del conto dell&#8217;hotel &#8211; Termini e Condizioni generali (AGB)<\/strong><\/p>\n\n\n\n<p>In contanti, con carta di bancomat con funzione Maestro e carta di credito (Visa e Mastercard).<\/p>\n\n\n\n<p>Vi consigliamo di trasferire l&#8217;importo rimanente sul nostro conto (Berghotel Presslauer GmbH) poco prima dell&#8217;inizio della vostra vacanza.<br><br>Raiffeisenbank Karnische Region<br>Numero SWIFT (BIC): RZKTAT2K364&nbsp;&nbsp;&nbsp;&nbsp;&nbsp;&nbsp;&nbsp;&nbsp;&nbsp;&nbsp;&nbsp;&nbsp;&nbsp;&nbsp;&nbsp;&nbsp;&nbsp;&nbsp;&nbsp;&nbsp;<br>IBAN: AT05 3936 4000 0080 2611<\/p>\n<\/div><\/div><\/div><\/div><\/div>\n","protected":false},"excerpt":{"rendered":"","protected":false},"author":1,"featured_media":1041,"parent":0,"menu_order":6,"comment_status":"closed","ping_status":"closed","template":"","meta":{"inline_featured_image":false,"footnotes":""},"class_list":["post-2078","page","type-page","status-publish","has-post-thumbnail","hentry"],"yoast_head":"<title>Condizioni e condizioni di cancellazione - Berghotel Presslauer<\/title>\n<meta name=\"robots\" content=\"index, follow, max-snippet:-1, max-image-preview:large, max-video-preview:-1\" \/>\n<link rel=\"canonical\" href=\"https:\/\/www.berghotel-presslauer.at\/it\/politica-sui-cookie\/\" \/>\n<meta property=\"og:locale\" content=\"it_IT\" \/>\n<meta property=\"og:type\" content=\"article\" \/>\n<meta property=\"og:title\" content=\"Condizioni e condizioni di cancellazione - Berghotel Presslauer\" \/>\n<meta property=\"og:url\" content=\"https:\/\/www.berghotel-presslauer.at\/it\/politica-sui-cookie\/\" \/>\n<meta property=\"og:site_name\" content=\"Berghotel Presslauer\" \/>\n<meta property=\"article:modified_time\" content=\"2025-09-28T09:59:09+00:00\" \/>\n<meta property=\"og:image\" content=\"https:\/\/www.berghotel-presslauer.at\/wp-content\/uploads\/2019\/09\/Teich-mit-Hotel.jpg\" \/>\n\t<meta property=\"og:image:width\" content=\"2301\" \/>\n\t<meta property=\"og:image:height\" content=\"1536\" \/>\n\t<meta property=\"og:image:type\" content=\"image\/jpeg\" \/>\n<meta name=\"twitter:card\" content=\"summary_large_image\" \/>\n<meta name=\"twitter:label1\" content=\"Tempo di lettura stimato\" \/>\n\t<meta name=\"twitter:data1\" content=\"2 minuti\" \/>\n<script type=\"application\/ld+json\" class=\"yoast-schema-graph\">{\"@context\":\"https:\\\/\\\/schema.org\",\"@graph\":[{\"@type\":\"WebPage\",\"@id\":\"https:\\\/\\\/www.berghotel-presslauer.at\\\/it\\\/politica-sui-cookie\\\/\",\"url\":\"https:\\\/\\\/www.berghotel-presslauer.at\\\/it\\\/politica-sui-cookie\\\/\",\"name\":\"Condizioni e condizioni di cancellazione - Berghotel Presslauer\",\"isPartOf\":{\"@id\":\"https:\\\/\\\/www.berghotel-presslauer.at\\\/it\\\/#website\"},\"primaryImageOfPage\":{\"@id\":\"https:\\\/\\\/www.berghotel-presslauer.at\\\/it\\\/politica-sui-cookie\\\/#primaryimage\"},\"image\":{\"@id\":\"https:\\\/\\\/www.berghotel-presslauer.at\\\/it\\\/politica-sui-cookie\\\/#primaryimage\"},\"thumbnailUrl\":\"https:\\\/\\\/www.berghotel-presslauer.at\\\/wp-content\\\/uploads\\\/2019\\\/09\\\/Teich-mit-Hotel.jpg\",\"datePublished\":\"2019-10-15T09:47:14+00:00\",\"dateModified\":\"2025-09-28T09:59:09+00:00\",\"breadcrumb\":{\"@id\":\"https:\\\/\\\/www.berghotel-presslauer.at\\\/it\\\/politica-sui-cookie\\\/#breadcrumb\"},\"inLanguage\":\"it-IT\",\"potentialAction\":[{\"@type\":\"ReadAction\",\"target\":[\"https:\\\/\\\/www.berghotel-presslauer.at\\\/it\\\/politica-sui-cookie\\\/\"]}]},{\"@type\":\"ImageObject\",\"inLanguage\":\"it-IT\",\"@id\":\"https:\\\/\\\/www.berghotel-presslauer.at\\\/it\\\/politica-sui-cookie\\\/#primaryimage\",\"url\":\"https:\\\/\\\/www.berghotel-presslauer.at\\\/wp-content\\\/uploads\\\/2019\\\/09\\\/Teich-mit-Hotel.jpg\",\"contentUrl\":\"https:\\\/\\\/www.berghotel-presslauer.at\\\/wp-content\\\/uploads\\\/2019\\\/09\\\/Teich-mit-Hotel.jpg\",\"width\":2301,\"height\":1536},{\"@type\":\"BreadcrumbList\",\"@id\":\"https:\\\/\\\/www.berghotel-presslauer.at\\\/it\\\/politica-sui-cookie\\\/#breadcrumb\",\"itemListElement\":[{\"@type\":\"ListItem\",\"position\":1,\"name\":\"Startseite\",\"item\":\"https:\\\/\\\/www.berghotel-presslauer.at\\\/it\\\/\"},{\"@type\":\"ListItem\",\"position\":2,\"name\":\"Condizioni e condizioni di cancellazione\"}]},{\"@type\":\"WebSite\",\"@id\":\"https:\\\/\\\/www.berghotel-presslauer.at\\\/it\\\/#website\",\"url\":\"https:\\\/\\\/www.berghotel-presslauer.at\\\/it\\\/\",\"name\":\"Berghotel Presslauer\",\"description\":\"Hotel | Zimmer | Ferienwohnungen | Nassfeld in K\u00e4rnten\",\"publisher\":{\"@id\":\"https:\\\/\\\/www.berghotel-presslauer.at\\\/it\\\/#organization\"},\"potentialAction\":[{\"@type\":\"SearchAction\",\"target\":{\"@type\":\"EntryPoint\",\"urlTemplate\":\"https:\\\/\\\/www.berghotel-presslauer.at\\\/it\\\/?s={search_term_string}\"},\"query-input\":{\"@type\":\"PropertyValueSpecification\",\"valueRequired\":true,\"valueName\":\"search_term_string\"}}],\"inLanguage\":\"it-IT\"},{\"@type\":\"Organization\",\"@id\":\"https:\\\/\\\/www.berghotel-presslauer.at\\\/it\\\/#organization\",\"name\":\"Berghotel Presslauer\",\"url\":\"https:\\\/\\\/www.berghotel-presslauer.at\\\/it\\\/\",\"logo\":{\"@type\":\"ImageObject\",\"inLanguage\":\"it-IT\",\"@id\":\"https:\\\/\\\/www.berghotel-presslauer.at\\\/it\\\/#\\\/schema\\\/logo\\\/image\\\/\",\"url\":\"https:\\\/\\\/www.berghotel-presslauer.at\\\/wp-content\\\/uploads\\\/2022\\\/10\\\/cropped-Logo_neu_Berghotel-Presslauer_Startseite.png\",\"contentUrl\":\"https:\\\/\\\/www.berghotel-presslauer.at\\\/wp-content\\\/uploads\\\/2022\\\/10\\\/cropped-Logo_neu_Berghotel-Presslauer_Startseite.png\",\"width\":245,\"height\":124,\"caption\":\"Berghotel Presslauer\"},\"image\":{\"@id\":\"https:\\\/\\\/www.berghotel-presslauer.at\\\/it\\\/#\\\/schema\\\/logo\\\/image\\\/\"}}]}<\/script>","yoast_head_json":{"title":"Condizioni e condizioni di cancellazione - Berghotel Presslauer","robots":{"index":"index","follow":"follow","max-snippet":"max-snippet:-1","max-image-preview":"max-image-preview:large","max-video-preview":"max-video-preview:-1"},"canonical":"https:\/\/www.berghotel-presslauer.at\/it\/politica-sui-cookie\/","og_locale":"it_IT","og_type":"article","og_title":"Condizioni e condizioni di cancellazione - Berghotel Presslauer","og_url":"https:\/\/www.berghotel-presslauer.at\/it\/politica-sui-cookie\/","og_site_name":"Berghotel Presslauer","article_modified_time":"2025-09-28T09:59:09+00:00","og_image":[{"width":2301,"height":1536,"url":"https:\/\/www.berghotel-presslauer.at\/wp-content\/uploads\/2019\/09\/Teich-mit-Hotel.jpg","type":"image\/jpeg"}],"twitter_card":"summary_large_image","twitter_misc":{"Tempo di lettura stimato":"2 minuti"},"schema":{"@context":"https:\/\/schema.org","@graph":[{"@type":"WebPage","@id":"https:\/\/www.berghotel-presslauer.at\/it\/politica-sui-cookie\/","url":"https:\/\/www.berghotel-presslauer.at\/it\/politica-sui-cookie\/","name":"Condizioni e condizioni di cancellazione - Berghotel Presslauer","isPartOf":{"@id":"https:\/\/www.berghotel-presslauer.at\/it\/#website"},"primaryImageOfPage":{"@id":"https:\/\/www.berghotel-presslauer.at\/it\/politica-sui-cookie\/#primaryimage"},"image":{"@id":"https:\/\/www.berghotel-presslauer.at\/it\/politica-sui-cookie\/#primaryimage"},"thumbnailUrl":"https:\/\/www.berghotel-presslauer.at\/wp-content\/uploads\/2019\/09\/Teich-mit-Hotel.jpg","datePublished":"2019-10-15T09:47:14+00:00","dateModified":"2025-09-28T09:59:09+00:00","breadcrumb":{"@id":"https:\/\/www.berghotel-presslauer.at\/it\/politica-sui-cookie\/#breadcrumb"},"inLanguage":"it-IT","potentialAction":[{"@type":"ReadAction","target":["https:\/\/www.berghotel-presslauer.at\/it\/politica-sui-cookie\/"]}]},{"@type":"ImageObject","inLanguage":"it-IT","@id":"https:\/\/www.berghotel-presslauer.at\/it\/politica-sui-cookie\/#primaryimage","url":"https:\/\/www.berghotel-presslauer.at\/wp-content\/uploads\/2019\/09\/Teich-mit-Hotel.jpg","contentUrl":"https:\/\/www.berghotel-presslauer.at\/wp-content\/uploads\/2019\/09\/Teich-mit-Hotel.jpg","width":2301,"height":1536},{"@type":"BreadcrumbList","@id":"https:\/\/www.berghotel-presslauer.at\/it\/politica-sui-cookie\/#breadcrumb","itemListElement":[{"@type":"ListItem","position":1,"name":"Startseite","item":"https:\/\/www.berghotel-presslauer.at\/it\/"},{"@type":"ListItem","position":2,"name":"Condizioni e condizioni di cancellazione"}]},{"@type":"WebSite","@id":"https:\/\/www.berghotel-presslauer.at\/it\/#website","url":"https:\/\/www.berghotel-presslauer.at\/it\/","name":"Berghotel Presslauer","description":"Hotel | Zimmer | Ferienwohnungen | Nassfeld in K\u00e4rnten","publisher":{"@id":"https:\/\/www.berghotel-presslauer.at\/it\/#organization"},"potentialAction":[{"@type":"SearchAction","target":{"@type":"EntryPoint","urlTemplate":"https:\/\/www.berghotel-presslauer.at\/it\/?s={search_term_string}"},"query-input":{"@type":"PropertyValueSpecification","valueRequired":true,"valueName":"search_term_string"}}],"inLanguage":"it-IT"},{"@type":"Organization","@id":"https:\/\/www.berghotel-presslauer.at\/it\/#organization","name":"Berghotel Presslauer","url":"https:\/\/www.berghotel-presslauer.at\/it\/","logo":{"@type":"ImageObject","inLanguage":"it-IT","@id":"https:\/\/www.berghotel-presslauer.at\/it\/#\/schema\/logo\/image\/","url":"https:\/\/www.berghotel-presslauer.at\/wp-content\/uploads\/2022\/10\/cropped-Logo_neu_Berghotel-Presslauer_Startseite.png","contentUrl":"https:\/\/www.berghotel-presslauer.at\/wp-content\/uploads\/2022\/10\/cropped-Logo_neu_Berghotel-Presslauer_Startseite.png","width":245,"height":124,"caption":"Berghotel Presslauer"},"image":{"@id":"https:\/\/www.berghotel-presslauer.at\/it\/#\/schema\/logo\/image\/"}}]}},"_links":{"self":[{"href":"https:\/\/www.berghotel-presslauer.at\/it\/wp-json\/wp\/v2\/pages\/2078","targetHints":{"allow":["GET"]}}],"collection":[{"href":"https:\/\/www.berghotel-presslauer.at\/it\/wp-json\/wp\/v2\/pages"}],"about":[{"href":"https:\/\/www.berghotel-presslauer.at\/it\/wp-json\/wp\/v2\/types\/page"}],"author":[{"embeddable":true,"href":"https:\/\/www.berghotel-presslauer.at\/it\/wp-json\/wp\/v2\/users\/1"}],"replies":[{"embeddable":true,"href":"https:\/\/www.berghotel-presslauer.at\/it\/wp-json\/wp\/v2\/comments?post=2078"}],"version-history":[{"count":10,"href":"https:\/\/www.berghotel-presslauer.at\/it\/wp-json\/wp\/v2\/pages\/2078\/revisions"}],"predecessor-version":[{"id":4221,"href":"https:\/\/www.berghotel-presslauer.at\/it\/wp-json\/wp\/v2\/pages\/2078\/revisions\/4221"}],"wp:featuredmedia":[{"embeddable":true,"href":"https:\/\/www.berghotel-presslauer.at\/it\/wp-json\/wp\/v2\/media\/1041"}],"wp:attachment":[{"href":"https:\/\/www.berghotel-presslauer.at\/it\/wp-json\/wp\/v2\/media?parent=2078"}],"curies":[{"name":"wp","href":"https:\/\/api.w.org\/{rel}","templated":true}]}}