{"id":2056,"date":"2019-10-15T10:54:32","date_gmt":"2019-10-15T08:54:32","guid":{"rendered":"http:\/\/berghotel-presslauer.at.w019c2cd.kasserver.com\/?page_id=2056"},"modified":"2025-04-20T19:46:45","modified_gmt":"2025-04-20T17:46:45","slug":"hotel-per-famiglie","status":"publish","type":"page","link":"https:\/\/www.berghotel-presslauer.at\/it\/hotel-per-famiglie\/","title":{"rendered":"Vacanze in famiglia in Austria"},"content":{"rendered":"\n<!--more-->\n\n\n\n<div class=\"wp-block-getwid-section alignfull alignfull getwid-margin-top-none getwid-margin-bottom-none\"><div class=\"wp-block-getwid-section__wrapper getwid-padding-top-medium getwid-padding-bottom-none getwid-padding-left-medium getwid-padding-right-medium getwid-padding-mobile-left-small getwid-padding-mobile-right-small\"><div class=\"wp-block-getwid-section__inner-wrapper\"><div class=\"wp-block-getwid-section__background-holder\"><div class=\"wp-block-getwid-section__background\"><\/div><div class=\"wp-block-getwid-section__foreground\"><\/div><\/div><div class=\"wp-block-getwid-section__content\"><div class=\"wp-block-getwid-section__inner-content\">\n<div class=\"wp-block-columns has-2-columns is-layout-flex wp-container-core-columns-is-layout-9d6595d7 wp-block-columns-is-layout-flex\">\n<div class=\"wp-block-column is-layout-flow wp-block-column-is-layout-flow\">\n<div class=\"wp-block-getwid-section\"><div class=\"wp-block-getwid-section__wrapper getwid-padding-top-none getwid-padding-bottom-none getwid-padding-left-none getwid-padding-tablet-right-none\" style=\"padding-right:30px\"><div class=\"wp-block-getwid-section__inner-wrapper\"><div class=\"wp-block-getwid-section__background-holder\"><div class=\"wp-block-getwid-section__background\"><\/div><div class=\"wp-block-getwid-section__foreground\"><\/div><\/div><div class=\"wp-block-getwid-section__content\"><div class=\"wp-block-getwid-section__inner-content\">\n<div class=\"wp-block-getwid-advanced-heading is-style-style-1 has-custom-font-size\" style=\"font-size:12px;margin-bottom:10px\"><p class=\"wp-block-getwid-advanced-heading__content\" style=\"text-transform:uppercase;letter-spacing:1px\">I PI\u00d9 PICCOLI SONO SEMPRE CON NOI<\/p><\/div>\n\n\n\n<div class=\"wp-block-getwid-advanced-heading is-style-default\" style=\"margin-bottom:30px\"><h2 class=\"wp-block-getwid-advanced-heading__content\" style=\"text-transform:none;letter-spacing:1px\">Vacanze in famiglia con tanto divertimento<\/h2><\/div>\n\n\n\n<p>Che si tratti di dar da mangiare agli animali, cavalcare o preparare il cosiddetto \u201cStockbrot\u201d, il pane su un bastone: da noi i bambini sono sempre in giro e prendono parte in tutte le attivit\u00e0 del Berghotel Presslauer. Scoprite i nostri programmi per i pi\u00f9 piccoli!<\/p>\n\n\n\n<p>Accanto all\u2019hotel i piccoli possono far la conoscenza dei nostri tanti animali come pony, gatti, capre, e tanti altri. Sicuramente troveranno presto un tenero amico animale. Inoltre, la nostra piscina naturale che si trova direttamente davanti all\u2019hotel \u00e8 amata tanto dai bambini! Ci sono anche un campo da giochi e Go-kart, un trampolino e tante altre attivit\u00e0 per i nostri ospiti pi\u00f9 giovani!<\/p>\n\n\n\n<p>La Carinzia e soprattutto la regione di Nassfeld-Presseggersee sono la meta ideale per le vostre vacanze in famiglia. Scoprite le numerose attivit\u00e0 per le famiglie, come i labirinti di roccia, le piste da slittino estive, il parco divertimenti Pressegger, l\u2019Aquatrail e tanto altro!<\/p>\n<\/div><\/div><\/div><\/div><\/div>\n<\/div>\n\n\n\n<div class=\"wp-block-column is-layout-flow wp-block-column-is-layout-flow\">\n<div class=\"wp-block-getwid-images-stack is-layout-delta\"><div class=\"wp-block-getwid-images-stack__wrapper\"><div class=\"wp-block-getwid-images-stack__chunk\"><div class=\"wp-block-getwid-images-stack__media-wrapper\"><div class=\"wp-block-getwid-images-stack__media-inner-wrapper\"><img loading=\"lazy\" decoding=\"async\" width=\"1707\" height=\"2560\" class=\"wp-block-getwid-images-stack__media wp-image-3971\" src=\"https:\/\/www.berghotel-presslauer.at\/wp-content\/uploads\/2025\/04\/20250404BerghotelPresslauerTiere89von109-scaled.jpg\" data-id=\"3971\" data-link=\"https:\/\/www.berghotel-presslauer.at\/20250404berghotelpresslauertiere89von109\/\" srcset=\"https:\/\/www.berghotel-presslauer.at\/wp-content\/uploads\/2025\/04\/20250404BerghotelPresslauerTiere89von109-scaled.jpg 1707w, https:\/\/www.berghotel-presslauer.at\/wp-content\/uploads\/2025\/04\/20250404BerghotelPresslauerTiere89von109-400x600.jpg 400w, https:\/\/www.berghotel-presslauer.at\/wp-content\/uploads\/2025\/04\/20250404BerghotelPresslauerTiere89von109-683x1024.jpg 683w, https:\/\/www.berghotel-presslauer.at\/wp-content\/uploads\/2025\/04\/20250404BerghotelPresslauerTiere89von109-768x1152.jpg 768w, https:\/\/www.berghotel-presslauer.at\/wp-content\/uploads\/2025\/04\/20250404BerghotelPresslauerTiere89von109-1024x1536.jpg 1024w, https:\/\/www.berghotel-presslauer.at\/wp-content\/uploads\/2025\/04\/20250404BerghotelPresslauerTiere89von109-1365x2048.jpg 1365w, https:\/\/www.berghotel-presslauer.at\/wp-content\/uploads\/2025\/04\/20250404BerghotelPresslauerTiere89von109-1170x1755.jpg 1170w\" sizes=\"auto, (max-width: 1707px) 100vw, 1707px\" \/><\/div><\/div><div class=\"wp-block-getwid-images-stack__media-wrapper\"><div class=\"wp-block-getwid-images-stack__media-inner-wrapper\"><img loading=\"lazy\" decoding=\"async\" width=\"1707\" height=\"2560\" class=\"wp-block-getwid-images-stack__media wp-image-3911\" src=\"https:\/\/www.berghotel-presslauer.at\/wp-content\/uploads\/2025\/04\/20250404BerghotelPresslauerTiere62von109-scaled.jpg\" data-id=\"3911\" data-link=\"https:\/\/www.berghotel-presslauer.at\/20250404berghotelpresslauertiere62von109\/\" srcset=\"https:\/\/www.berghotel-presslauer.at\/wp-content\/uploads\/2025\/04\/20250404BerghotelPresslauerTiere62von109-scaled.jpg 1707w, https:\/\/www.berghotel-presslauer.at\/wp-content\/uploads\/2025\/04\/20250404BerghotelPresslauerTiere62von109-400x600.jpg 400w, https:\/\/www.berghotel-presslauer.at\/wp-content\/uploads\/2025\/04\/20250404BerghotelPresslauerTiere62von109-683x1024.jpg 683w, https:\/\/www.berghotel-presslauer.at\/wp-content\/uploads\/2025\/04\/20250404BerghotelPresslauerTiere62von109-768x1152.jpg 768w, https:\/\/www.berghotel-presslauer.at\/wp-content\/uploads\/2025\/04\/20250404BerghotelPresslauerTiere62von109-1024x1536.jpg 1024w, https:\/\/www.berghotel-presslauer.at\/wp-content\/uploads\/2025\/04\/20250404BerghotelPresslauerTiere62von109-1365x2048.jpg 1365w, https:\/\/www.berghotel-presslauer.at\/wp-content\/uploads\/2025\/04\/20250404BerghotelPresslauerTiere62von109-1170x1755.jpg 1170w\" sizes=\"auto, (max-width: 1707px) 100vw, 1707px\" \/><\/div><\/div><div class=\"wp-block-getwid-images-stack__media-wrapper\"><div class=\"wp-block-getwid-images-stack__media-inner-wrapper\"><img loading=\"lazy\" decoding=\"async\" width=\"1707\" height=\"2560\" class=\"wp-block-getwid-images-stack__media wp-image-3932\" src=\"https:\/\/www.berghotel-presslauer.at\/wp-content\/uploads\/2025\/04\/20250404BerghotelPresslauerTiere69von109-scaled.jpg\" data-id=\"3932\" data-link=\"https:\/\/www.berghotel-presslauer.at\/20250404berghotelpresslauertiere69von109\/\" srcset=\"https:\/\/www.berghotel-presslauer.at\/wp-content\/uploads\/2025\/04\/20250404BerghotelPresslauerTiere69von109-scaled.jpg 1707w, https:\/\/www.berghotel-presslauer.at\/wp-content\/uploads\/2025\/04\/20250404BerghotelPresslauerTiere69von109-400x600.jpg 400w, https:\/\/www.berghotel-presslauer.at\/wp-content\/uploads\/2025\/04\/20250404BerghotelPresslauerTiere69von109-683x1024.jpg 683w, https:\/\/www.berghotel-presslauer.at\/wp-content\/uploads\/2025\/04\/20250404BerghotelPresslauerTiere69von109-768x1152.jpg 768w, https:\/\/www.berghotel-presslauer.at\/wp-content\/uploads\/2025\/04\/20250404BerghotelPresslauerTiere69von109-1024x1536.jpg 1024w, https:\/\/www.berghotel-presslauer.at\/wp-content\/uploads\/2025\/04\/20250404BerghotelPresslauerTiere69von109-1365x2048.jpg 1365w, https:\/\/www.berghotel-presslauer.at\/wp-content\/uploads\/2025\/04\/20250404BerghotelPresslauerTiere69von109-1170x1755.jpg 1170w\" sizes=\"auto, (max-width: 1707px) 100vw, 1707px\" \/><\/div><\/div><\/div><\/div><\/div>\n<\/div>\n<\/div>\n<\/div><\/div><\/div><\/div><\/div>\n\n\n\n<div class=\"wp-block-getwid-section alignwide alignwide\"><div class=\"wp-block-getwid-section__wrapper\"><div class=\"wp-block-getwid-section__inner-wrapper\"><div class=\"wp-block-getwid-section__background-holder\"><div class=\"wp-block-getwid-section__background\"><\/div><div class=\"wp-block-getwid-section__foreground\"><\/div><\/div><div class=\"wp-block-getwid-section__content\"><div class=\"wp-block-getwid-section__inner-content\">\n<div class=\"wp-block-columns has-2-columns is-layout-flex wp-container-core-columns-is-layout-9d6595d7 wp-block-columns-is-layout-flex\">\n<div class=\"wp-block-column is-layout-flow wp-block-column-is-layout-flow\">\n<div class=\"wp-block-getwid-advanced-heading is-style-style-1 has-custom-font-size\" style=\"font-size:12px\"><p class=\"wp-block-getwid-advanced-heading__content\" style=\"text-transform:uppercase\">Incredibile, tutto compreso<\/p><\/div>\n\n\n\n<div class=\"wp-block-getwid-advanced-heading is-style-default\"><h2 class=\"wp-block-getwid-advanced-heading__content\">K\u00e4rnten CARD<\/h2><\/div>\n\n\n\n<p>Con la K\u00e4rnten Card \u00e8 possibile usufruire gratuitamente di oltre 100 strutture per il tempo libero e riscattare numerosi sconti con oltre 50 partner bonus. La carta \u00e8 ideale per famiglie, piccoli e grandi esploratori. eoprattutto \u00e8 disponibile direttamente presso di noi.<\/p>\n\n\n\n<div class=\"wp-block-buttons is-horizontal is-content-justification-left is-layout-flex wp-container-core-buttons-is-layout-7e5fce0a wp-block-buttons-is-layout-flex\">\n<div class=\"wp-block-button\"><a class=\"wp-block-button__link wp-element-button\" href=\"https:\/\/www.kaerntencard.at\/sommer\/en\/\" target=\"_blank\" rel=\"noreferrer noopener\">Per saperne di pi\u00f9 sulla K\u00e4rnten CardMaggiori informazioni della K\u00e4rnten Card qui<\/a><\/div>\n<\/div>\n<\/div>\n\n\n\n<div class=\"wp-block-column is-layout-flow wp-block-column-is-layout-flow\" style=\"flex-basis:400px\">\n<div class=\"wp-block-getwid-images-stack is-layout-delta\"><div class=\"wp-block-getwid-images-stack__wrapper\"><div class=\"wp-block-getwid-images-stack__chunk\"><div class=\"wp-block-getwid-images-stack__media-wrapper\"><div class=\"wp-block-getwid-images-stack__media-inner-wrapper\"><img loading=\"lazy\" decoding=\"async\" width=\"600\" height=\"600\" class=\"wp-block-getwid-images-stack__media wp-image-3600\" src=\"https:\/\/www.berghotel-presslauer.at\/wp-content\/uploads\/2024\/03\/Kaernten-Card_800x800-600x600.png\" alt=\"\" data-id=\"3600\" data-link=\"https:\/\/www.berghotel-presslauer.at\/home\/sommerurlaub-kaernten\/kaernten-card_800x800\/\" srcset=\"https:\/\/www.berghotel-presslauer.at\/wp-content\/uploads\/2024\/03\/Kaernten-Card_800x800-600x600.png 600w, https:\/\/www.berghotel-presslauer.at\/wp-content\/uploads\/2024\/03\/Kaernten-Card_800x800-150x150.png 150w, https:\/\/www.berghotel-presslauer.at\/wp-content\/uploads\/2024\/03\/Kaernten-Card_800x800-768x768.png 768w, https:\/\/www.berghotel-presslauer.at\/wp-content\/uploads\/2024\/03\/Kaernten-Card_800x800.png 800w\" sizes=\"auto, (max-width: 600px) 100vw, 600px\" \/><\/div><\/div><\/div><\/div><\/div>\n<\/div>\n<\/div>\n<\/div><\/div><\/div><\/div><\/div>\n\n\n\n<div style=\"height:100px\" aria-hidden=\"true\" class=\"wp-block-spacer\"><\/div>\n","protected":false},"excerpt":{"rendered":"<p>Che si tratti di dar da mangiare agli animali, cavalcare un pony, fare grigliate di pane o fare un giro in trattore: i bambini sono sempre benvenuti al Berghotel Presslauer!<\/p>\n","protected":false},"author":1,"featured_media":1112,"parent":0,"menu_order":80,"comment_status":"closed","ping_status":"closed","template":"","meta":{"inline_featured_image":false,"footnotes":""},"class_list":["post-2056","page","type-page","status-publish","has-post-thumbnail","hentry"],"yoast_head":"<title>Vacanze in famiglia: hotel in Carinzia | Berghotel Presslauer<\/title>\n<meta name=\"description\" content=\"Da noi i piccoli fanno parte di tutte le attivit\u00e0. Questo ci rende la scelta migliore per le vacanze in famiglia!\" \/>\n<meta name=\"robots\" content=\"index, follow, max-snippet:-1, max-image-preview:large, max-video-preview:-1\" \/>\n<link rel=\"canonical\" href=\"https:\/\/www.berghotel-presslauer.at\/it\/hotel-per-famiglie\/\" \/>\n<meta property=\"og:locale\" content=\"it_IT\" \/>\n<meta property=\"og:type\" content=\"article\" \/>\n<meta property=\"og:title\" content=\"Vacanze in famiglia: hotel in Carinzia | Berghotel Presslauer\" \/>\n<meta property=\"og:description\" content=\"Da noi i piccoli fanno parte di tutte le attivit\u00e0. Questo ci rende la scelta migliore per le vacanze in famiglia!\" \/>\n<meta property=\"og:url\" content=\"https:\/\/www.berghotel-presslauer.at\/it\/hotel-per-famiglie\/\" \/>\n<meta property=\"og:site_name\" content=\"Berghotel Presslauer\" \/>\n<meta property=\"article:modified_time\" content=\"2025-04-20T17:46:45+00:00\" \/>\n<meta property=\"og:image\" content=\"https:\/\/www.berghotel-presslauer.at\/wp-content\/uploads\/2019\/09\/Kinderspielplatz.jpg\" \/>\n\t<meta property=\"og:image:width\" content=\"2874\" \/>\n\t<meta property=\"og:image:height\" content=\"2298\" \/>\n\t<meta property=\"og:image:type\" content=\"image\/jpeg\" \/>\n<meta name=\"twitter:card\" content=\"summary_large_image\" \/>\n<meta name=\"twitter:label1\" content=\"Tempo di lettura stimato\" \/>\n\t<meta name=\"twitter:data1\" content=\"3 minuti\" \/>\n<script type=\"application\/ld+json\" class=\"yoast-schema-graph\">{\"@context\":\"https:\\\/\\\/schema.org\",\"@graph\":[{\"@type\":\"WebPage\",\"@id\":\"https:\\\/\\\/www.berghotel-presslauer.at\\\/it\\\/hotel-per-famiglie\\\/\",\"url\":\"https:\\\/\\\/www.berghotel-presslauer.at\\\/it\\\/hotel-per-famiglie\\\/\",\"name\":\"Vacanze in famiglia: hotel in Carinzia | Berghotel Presslauer\",\"isPartOf\":{\"@id\":\"https:\\\/\\\/www.berghotel-presslauer.at\\\/it\\\/#website\"},\"primaryImageOfPage\":{\"@id\":\"https:\\\/\\\/www.berghotel-presslauer.at\\\/it\\\/hotel-per-famiglie\\\/#primaryimage\"},\"image\":{\"@id\":\"https:\\\/\\\/www.berghotel-presslauer.at\\\/it\\\/hotel-per-famiglie\\\/#primaryimage\"},\"thumbnailUrl\":\"https:\\\/\\\/www.berghotel-presslauer.at\\\/wp-content\\\/uploads\\\/2019\\\/09\\\/Kinderspielplatz.jpg\",\"datePublished\":\"2019-10-15T08:54:32+00:00\",\"dateModified\":\"2025-04-20T17:46:45+00:00\",\"description\":\"Da noi i piccoli fanno parte di tutte le attivit\u00e0. Questo ci rende la scelta migliore per le vacanze in famiglia!\",\"breadcrumb\":{\"@id\":\"https:\\\/\\\/www.berghotel-presslauer.at\\\/it\\\/hotel-per-famiglie\\\/#breadcrumb\"},\"inLanguage\":\"it-IT\",\"potentialAction\":[{\"@type\":\"ReadAction\",\"target\":[\"https:\\\/\\\/www.berghotel-presslauer.at\\\/it\\\/hotel-per-famiglie\\\/\"]}]},{\"@type\":\"ImageObject\",\"inLanguage\":\"it-IT\",\"@id\":\"https:\\\/\\\/www.berghotel-presslauer.at\\\/it\\\/hotel-per-famiglie\\\/#primaryimage\",\"url\":\"https:\\\/\\\/www.berghotel-presslauer.at\\\/wp-content\\\/uploads\\\/2019\\\/09\\\/Kinderspielplatz.jpg\",\"contentUrl\":\"https:\\\/\\\/www.berghotel-presslauer.at\\\/wp-content\\\/uploads\\\/2019\\\/09\\\/Kinderspielplatz.jpg\",\"width\":2874,\"height\":2298},{\"@type\":\"BreadcrumbList\",\"@id\":\"https:\\\/\\\/www.berghotel-presslauer.at\\\/it\\\/hotel-per-famiglie\\\/#breadcrumb\",\"itemListElement\":[{\"@type\":\"ListItem\",\"position\":1,\"name\":\"Startseite\",\"item\":\"https:\\\/\\\/www.berghotel-presslauer.at\\\/it\\\/\"},{\"@type\":\"ListItem\",\"position\":2,\"name\":\"Vacanze in famiglia in Austria\"}]},{\"@type\":\"WebSite\",\"@id\":\"https:\\\/\\\/www.berghotel-presslauer.at\\\/it\\\/#website\",\"url\":\"https:\\\/\\\/www.berghotel-presslauer.at\\\/it\\\/\",\"name\":\"Berghotel Presslauer\",\"description\":\"Hotel | Zimmer | Ferienwohnungen | Nassfeld in K\u00e4rnten\",\"publisher\":{\"@id\":\"https:\\\/\\\/www.berghotel-presslauer.at\\\/it\\\/#organization\"},\"potentialAction\":[{\"@type\":\"SearchAction\",\"target\":{\"@type\":\"EntryPoint\",\"urlTemplate\":\"https:\\\/\\\/www.berghotel-presslauer.at\\\/it\\\/?s={search_term_string}\"},\"query-input\":{\"@type\":\"PropertyValueSpecification\",\"valueRequired\":true,\"valueName\":\"search_term_string\"}}],\"inLanguage\":\"it-IT\"},{\"@type\":\"Organization\",\"@id\":\"https:\\\/\\\/www.berghotel-presslauer.at\\\/it\\\/#organization\",\"name\":\"Berghotel Presslauer\",\"url\":\"https:\\\/\\\/www.berghotel-presslauer.at\\\/it\\\/\",\"logo\":{\"@type\":\"ImageObject\",\"inLanguage\":\"it-IT\",\"@id\":\"https:\\\/\\\/www.berghotel-presslauer.at\\\/it\\\/#\\\/schema\\\/logo\\\/image\\\/\",\"url\":\"https:\\\/\\\/www.berghotel-presslauer.at\\\/wp-content\\\/uploads\\\/2022\\\/10\\\/cropped-Logo_neu_Berghotel-Presslauer_Startseite.png\",\"contentUrl\":\"https:\\\/\\\/www.berghotel-presslauer.at\\\/wp-content\\\/uploads\\\/2022\\\/10\\\/cropped-Logo_neu_Berghotel-Presslauer_Startseite.png\",\"width\":245,\"height\":124,\"caption\":\"Berghotel Presslauer\"},\"image\":{\"@id\":\"https:\\\/\\\/www.berghotel-presslauer.at\\\/it\\\/#\\\/schema\\\/logo\\\/image\\\/\"}}]}<\/script>","yoast_head_json":{"title":"Vacanze in famiglia: hotel in Carinzia | Berghotel Presslauer","description":"Da noi i piccoli fanno parte di tutte le attivit\u00e0. Questo ci rende la scelta migliore per le vacanze in famiglia!","robots":{"index":"index","follow":"follow","max-snippet":"max-snippet:-1","max-image-preview":"max-image-preview:large","max-video-preview":"max-video-preview:-1"},"canonical":"https:\/\/www.berghotel-presslauer.at\/it\/hotel-per-famiglie\/","og_locale":"it_IT","og_type":"article","og_title":"Vacanze in famiglia: hotel in Carinzia | Berghotel Presslauer","og_description":"Da noi i piccoli fanno parte di tutte le attivit\u00e0. Questo ci rende la scelta migliore per le vacanze in famiglia!","og_url":"https:\/\/www.berghotel-presslauer.at\/it\/hotel-per-famiglie\/","og_site_name":"Berghotel Presslauer","article_modified_time":"2025-04-20T17:46:45+00:00","og_image":[{"width":2874,"height":2298,"url":"https:\/\/www.berghotel-presslauer.at\/wp-content\/uploads\/2019\/09\/Kinderspielplatz.jpg","type":"image\/jpeg"}],"twitter_card":"summary_large_image","twitter_misc":{"Tempo di lettura stimato":"3 minuti"},"schema":{"@context":"https:\/\/schema.org","@graph":[{"@type":"WebPage","@id":"https:\/\/www.berghotel-presslauer.at\/it\/hotel-per-famiglie\/","url":"https:\/\/www.berghotel-presslauer.at\/it\/hotel-per-famiglie\/","name":"Vacanze in famiglia: hotel in Carinzia | Berghotel Presslauer","isPartOf":{"@id":"https:\/\/www.berghotel-presslauer.at\/it\/#website"},"primaryImageOfPage":{"@id":"https:\/\/www.berghotel-presslauer.at\/it\/hotel-per-famiglie\/#primaryimage"},"image":{"@id":"https:\/\/www.berghotel-presslauer.at\/it\/hotel-per-famiglie\/#primaryimage"},"thumbnailUrl":"https:\/\/www.berghotel-presslauer.at\/wp-content\/uploads\/2019\/09\/Kinderspielplatz.jpg","datePublished":"2019-10-15T08:54:32+00:00","dateModified":"2025-04-20T17:46:45+00:00","description":"Da noi i piccoli fanno parte di tutte le attivit\u00e0. Questo ci rende la scelta migliore per le vacanze in famiglia!","breadcrumb":{"@id":"https:\/\/www.berghotel-presslauer.at\/it\/hotel-per-famiglie\/#breadcrumb"},"inLanguage":"it-IT","potentialAction":[{"@type":"ReadAction","target":["https:\/\/www.berghotel-presslauer.at\/it\/hotel-per-famiglie\/"]}]},{"@type":"ImageObject","inLanguage":"it-IT","@id":"https:\/\/www.berghotel-presslauer.at\/it\/hotel-per-famiglie\/#primaryimage","url":"https:\/\/www.berghotel-presslauer.at\/wp-content\/uploads\/2019\/09\/Kinderspielplatz.jpg","contentUrl":"https:\/\/www.berghotel-presslauer.at\/wp-content\/uploads\/2019\/09\/Kinderspielplatz.jpg","width":2874,"height":2298},{"@type":"BreadcrumbList","@id":"https:\/\/www.berghotel-presslauer.at\/it\/hotel-per-famiglie\/#breadcrumb","itemListElement":[{"@type":"ListItem","position":1,"name":"Startseite","item":"https:\/\/www.berghotel-presslauer.at\/it\/"},{"@type":"ListItem","position":2,"name":"Vacanze in famiglia in Austria"}]},{"@type":"WebSite","@id":"https:\/\/www.berghotel-presslauer.at\/it\/#website","url":"https:\/\/www.berghotel-presslauer.at\/it\/","name":"Berghotel Presslauer","description":"Hotel | Zimmer | Ferienwohnungen | Nassfeld in K\u00e4rnten","publisher":{"@id":"https:\/\/www.berghotel-presslauer.at\/it\/#organization"},"potentialAction":[{"@type":"SearchAction","target":{"@type":"EntryPoint","urlTemplate":"https:\/\/www.berghotel-presslauer.at\/it\/?s={search_term_string}"},"query-input":{"@type":"PropertyValueSpecification","valueRequired":true,"valueName":"search_term_string"}}],"inLanguage":"it-IT"},{"@type":"Organization","@id":"https:\/\/www.berghotel-presslauer.at\/it\/#organization","name":"Berghotel Presslauer","url":"https:\/\/www.berghotel-presslauer.at\/it\/","logo":{"@type":"ImageObject","inLanguage":"it-IT","@id":"https:\/\/www.berghotel-presslauer.at\/it\/#\/schema\/logo\/image\/","url":"https:\/\/www.berghotel-presslauer.at\/wp-content\/uploads\/2022\/10\/cropped-Logo_neu_Berghotel-Presslauer_Startseite.png","contentUrl":"https:\/\/www.berghotel-presslauer.at\/wp-content\/uploads\/2022\/10\/cropped-Logo_neu_Berghotel-Presslauer_Startseite.png","width":245,"height":124,"caption":"Berghotel Presslauer"},"image":{"@id":"https:\/\/www.berghotel-presslauer.at\/it\/#\/schema\/logo\/image\/"}}]}},"_links":{"self":[{"href":"https:\/\/www.berghotel-presslauer.at\/it\/wp-json\/wp\/v2\/pages\/2056","targetHints":{"allow":["GET"]}}],"collection":[{"href":"https:\/\/www.berghotel-presslauer.at\/it\/wp-json\/wp\/v2\/pages"}],"about":[{"href":"https:\/\/www.berghotel-presslauer.at\/it\/wp-json\/wp\/v2\/types\/page"}],"author":[{"embeddable":true,"href":"https:\/\/www.berghotel-presslauer.at\/it\/wp-json\/wp\/v2\/users\/1"}],"replies":[{"embeddable":true,"href":"https:\/\/www.berghotel-presslauer.at\/it\/wp-json\/wp\/v2\/comments?post=2056"}],"version-history":[{"count":6,"href":"https:\/\/www.berghotel-presslauer.at\/it\/wp-json\/wp\/v2\/pages\/2056\/revisions"}],"predecessor-version":[{"id":4038,"href":"https:\/\/www.berghotel-presslauer.at\/it\/wp-json\/wp\/v2\/pages\/2056\/revisions\/4038"}],"wp:featuredmedia":[{"embeddable":true,"href":"https:\/\/www.berghotel-presslauer.at\/it\/wp-json\/wp\/v2\/media\/1112"}],"wp:attachment":[{"href":"https:\/\/www.berghotel-presslauer.at\/it\/wp-json\/wp\/v2\/media?parent=2056"}],"curies":[{"name":"wp","href":"https:\/\/api.w.org\/{rel}","templated":true}]}}