{"id":2042,"date":"2019-10-15T09:52:56","date_gmt":"2019-10-15T07:52:56","guid":{"rendered":"http:\/\/berghotel-presslauer.at.w019c2cd.kasserver.com\/?page_id=2042"},"modified":"2022-10-17T16:01:26","modified_gmt":"2022-10-17T14:01:26","slug":"carinzia-laghi","status":"publish","type":"page","link":"https:\/\/www.berghotel-presslauer.at\/it\/carinzia-laghi\/","title":{"rendered":"Laghi in Austria"},"content":{"rendered":"\n<!--more-->\n\n\n\n<div class=\"wp-block-getwid-section alignfull alignfull getwid-margin-top-none getwid-margin-bottom-none\"><div class=\"wp-block-getwid-section__wrapper getwid-padding-top-medium getwid-padding-bottom-none getwid-padding-left-medium getwid-padding-right-medium getwid-padding-mobile-left-small getwid-padding-mobile-right-small\"><div class=\"wp-block-getwid-section__inner-wrapper\"><div class=\"wp-block-getwid-section__background-holder\"><div class=\"wp-block-getwid-section__background\"><\/div><div class=\"wp-block-getwid-section__foreground\"><\/div><\/div><div class=\"wp-block-getwid-section__content\"><div class=\"wp-block-getwid-section__inner-content\">\n<div class=\"wp-block-columns has-2-columns is-layout-flex wp-container-core-columns-is-layout-9d6595d7 wp-block-columns-is-layout-flex\">\n<div class=\"wp-block-column is-layout-flow wp-block-column-is-layout-flow\">\n<div class=\"wp-block-getwid-section\"><div class=\"wp-block-getwid-section__wrapper getwid-padding-top-none getwid-padding-bottom-none getwid-padding-left-none getwid-padding-tablet-right-none\" style=\"padding-right:30px\"><div class=\"wp-block-getwid-section__inner-wrapper\"><div class=\"wp-block-getwid-section__background-holder\"><div class=\"wp-block-getwid-section__background\"><\/div><div class=\"wp-block-getwid-section__foreground\"><\/div><\/div><div class=\"wp-block-getwid-section__content\"><div class=\"wp-block-getwid-section__inner-content\">\n<div class=\"wp-block-getwid-advanced-heading is-style-style-1 has-custom-font-size\" style=\"font-size:12px;margin-bottom:10px\"><p class=\"wp-block-getwid-advanced-heading__content\" style=\"text-transform:uppercase;letter-spacing:1px\">ESTATE, SOLE E TANTI LAGHI<\/p><\/div>\n\n\n\n<div class=\"wp-block-getwid-advanced-heading is-style-default\" style=\"margin-bottom:30px\"><h2 class=\"wp-block-getwid-advanced-heading__content\" style=\"text-transform:none;letter-spacing:1px\">Alcuni dei pi\u00f9 belli laghi in Austria sono in Carinzia<\/h2><\/div>\n\n\n\n<p>La Carinzia \u00e8 un vero sogno per tutte le sirenette tra di voi. Pi\u00f9 di 200 laghi balneabili invitano a nuotare, fare immersion e rilassarsi! Tra i laghi pi\u00f9 noti sono il lago di W\u00f6rthersee, il lago di Weissensee, il lago di Klopeiner See, il lago di Millst\u00e4tter See ed il lago di Ossiachersee. La qualit\u00e0 dell\u2019acqua dei laghi di Carinzia \u00e8 davvero impressionante! A soli 20 minuti in macchina dal nostro hotel si trova il Lago Presseggen. \u00c8 un lago balneabile pi\u00f9 piccolo ma molto caldo d\u2019estate che lo rende perfetto per le famiglie con bambini.<\/p>\n\n\n\n<p><strong>Tuffatevi nella nostra piscina naturale<\/strong><\/p>\n\n\n\n<p>Soprattutto il&nbsp;nostro laghetto naturale&nbsp;direttamente di fronte all\u2019hotel invita a tuffarsi nell\u2019acqua cristallina. Godetevi la spettacolare vista sulle Alpi Carniche!<\/p>\n<\/div><\/div><\/div><\/div><\/div>\n<\/div>\n\n\n\n<div class=\"wp-block-column is-layout-flow wp-block-column-is-layout-flow\">\n<div class=\"wp-block-getwid-images-stack is-layout-delta\"><div class=\"wp-block-getwid-images-stack__wrapper\"><div class=\"wp-block-getwid-images-stack__chunk\"><div class=\"wp-block-getwid-images-stack__media-wrapper\"><div class=\"wp-block-getwid-images-stack__media-inner-wrapper\"><img loading=\"lazy\" decoding=\"async\" width=\"1024\" height=\"684\" class=\"wp-block-getwid-images-stack__media wp-image-1344\" src=\"https:\/\/www.berghotel-presslauer.at\/wp-content\/uploads\/2019\/10\/Teich-1024x684.jpg\" data-id=\"1344\" data-link=\"https:\/\/www.berghotel-presslauer.at\/?attachment_id=1344\" srcset=\"https:\/\/www.berghotel-presslauer.at\/wp-content\/uploads\/2019\/10\/Teich-1024x684.jpg 1024w, https:\/\/www.berghotel-presslauer.at\/wp-content\/uploads\/2019\/10\/Teich-600x401.jpg 600w, https:\/\/www.berghotel-presslauer.at\/wp-content\/uploads\/2019\/10\/Teich-768x513.jpg 768w, https:\/\/www.berghotel-presslauer.at\/wp-content\/uploads\/2019\/10\/Teich-1170x781.jpg 1170w\" sizes=\"auto, (max-width: 1024px) 100vw, 1024px\" \/><\/div><\/div><div class=\"wp-block-getwid-images-stack__media-wrapper\"><div class=\"wp-block-getwid-images-stack__media-inner-wrapper\"><img loading=\"lazy\" decoding=\"async\" width=\"1024\" height=\"683\" class=\"wp-block-getwid-images-stack__media wp-image-1345\" src=\"https:\/\/www.berghotel-presslauer.at\/wp-content\/uploads\/2019\/10\/00000011694_Gailfluss-Kaernten-Urlaub-Familie-04_tinefoto-com-martin-steinthaler_Martin-Steinthaler-tinefoto-com-1-1024x683.jpg\" data-id=\"1345\" data-link=\"https:\/\/www.berghotel-presslauer.at\/?attachment_id=1345\" srcset=\"https:\/\/www.berghotel-presslauer.at\/wp-content\/uploads\/2019\/10\/00000011694_Gailfluss-Kaernten-Urlaub-Familie-04_tinefoto-com-martin-steinthaler_Martin-Steinthaler-tinefoto-com-1-1024x683.jpg 1024w, https:\/\/www.berghotel-presslauer.at\/wp-content\/uploads\/2019\/10\/00000011694_Gailfluss-Kaernten-Urlaub-Familie-04_tinefoto-com-martin-steinthaler_Martin-Steinthaler-tinefoto-com-1-600x400.jpg 600w, https:\/\/www.berghotel-presslauer.at\/wp-content\/uploads\/2019\/10\/00000011694_Gailfluss-Kaernten-Urlaub-Familie-04_tinefoto-com-martin-steinthaler_Martin-Steinthaler-tinefoto-com-1-768x512.jpg 768w, https:\/\/www.berghotel-presslauer.at\/wp-content\/uploads\/2019\/10\/00000011694_Gailfluss-Kaernten-Urlaub-Familie-04_tinefoto-com-martin-steinthaler_Martin-Steinthaler-tinefoto-com-1-1170x780.jpg 1170w, https:\/\/www.berghotel-presslauer.at\/wp-content\/uploads\/2019\/10\/00000011694_Gailfluss-Kaernten-Urlaub-Familie-04_tinefoto-com-martin-steinthaler_Martin-Steinthaler-tinefoto-com-1.jpg 1620w\" sizes=\"auto, (max-width: 1024px) 100vw, 1024px\" \/><\/div><\/div><\/div><\/div><\/div>\n<\/div>\n<\/div>\n<\/div><\/div><\/div><\/div><\/div>\n\n\n\n<div class=\"wp-block-getwid-section alignwide alignwide\"><div class=\"wp-block-getwid-section__wrapper\"><div class=\"wp-block-getwid-section__inner-wrapper\"><div class=\"wp-block-getwid-section__background-holder\"><div class=\"wp-block-getwid-section__background\"><\/div><div class=\"wp-block-getwid-section__foreground\"><\/div><\/div><div class=\"wp-block-getwid-section__content\"><div class=\"wp-block-getwid-section__inner-content\">\n<p><\/p>\n<\/div><\/div><\/div><\/div><\/div>\n\n\n\n<div style=\"height:100px\" aria-hidden=\"true\" class=\"wp-block-spacer\"><\/div>\n","protected":false},"excerpt":{"rendered":"<p>1270 acque stagnanti, 200 delle quali sono laghi balneabili! La Carinzia \u00e8 la terra dei laghi.<\/p>\n","protected":false},"author":1,"featured_media":1233,"parent":0,"menu_order":69,"comment_status":"closed","ping_status":"closed","template":"","meta":{"inline_featured_image":false,"footnotes":""},"class_list":["post-2042","page","type-page","status-publish","has-post-thumbnail","hentry"],"yoast_head":"<title>Laghi in Austria: Laghi della Carinzia | Berghotel Presslauer<\/title>\n<meta name=\"description\" content=\"Con le sue 1270 acque stagnanti e i 200 laghi balneabili la Carinzia \u00e8 un vero paradiso acquatico! Scoprite i laghi della regione!\" \/>\n<meta name=\"robots\" content=\"index, follow, max-snippet:-1, max-image-preview:large, max-video-preview:-1\" \/>\n<link rel=\"canonical\" href=\"https:\/\/www.berghotel-presslauer.at\/it\/carinzia-laghi\/\" \/>\n<meta property=\"og:locale\" content=\"it_IT\" \/>\n<meta property=\"og:type\" content=\"article\" \/>\n<meta property=\"og:title\" content=\"Laghi in Austria: Laghi della Carinzia | Berghotel Presslauer\" \/>\n<meta property=\"og:description\" content=\"Con le sue 1270 acque stagnanti e i 200 laghi balneabili la Carinzia \u00e8 un vero paradiso acquatico! Scoprite i laghi della regione!\" \/>\n<meta property=\"og:url\" content=\"https:\/\/www.berghotel-presslauer.at\/it\/carinzia-laghi\/\" \/>\n<meta property=\"og:site_name\" content=\"Berghotel Presslauer\" \/>\n<meta property=\"article:modified_time\" content=\"2022-10-17T14:01:26+00:00\" \/>\n<meta property=\"og:image\" content=\"https:\/\/www.berghotel-presslauer.at\/wp-content\/uploads\/2019\/10\/151027-200703.jpg\" \/>\n\t<meta property=\"og:image:width\" content=\"2308\" \/>\n\t<meta property=\"og:image:height\" content=\"1536\" \/>\n\t<meta property=\"og:image:type\" content=\"image\/jpeg\" \/>\n<meta name=\"twitter:card\" content=\"summary_large_image\" \/>\n<meta name=\"twitter:label1\" content=\"Tempo di lettura stimato\" \/>\n\t<meta name=\"twitter:data1\" content=\"2 minuti\" \/>\n<script type=\"application\/ld+json\" class=\"yoast-schema-graph\">{\"@context\":\"https:\/\/schema.org\",\"@graph\":[{\"@type\":\"WebPage\",\"@id\":\"https:\/\/www.berghotel-presslauer.at\/it\/carinzia-laghi\/\",\"url\":\"https:\/\/www.berghotel-presslauer.at\/it\/carinzia-laghi\/\",\"name\":\"Laghi in Austria: Laghi della Carinzia | Berghotel Presslauer\",\"isPartOf\":{\"@id\":\"https:\/\/www.berghotel-presslauer.at\/it\/#website\"},\"primaryImageOfPage\":{\"@id\":\"https:\/\/www.berghotel-presslauer.at\/it\/carinzia-laghi\/#primaryimage\"},\"image\":{\"@id\":\"https:\/\/www.berghotel-presslauer.at\/it\/carinzia-laghi\/#primaryimage\"},\"thumbnailUrl\":\"https:\/\/www.berghotel-presslauer.at\/wp-content\/uploads\/2019\/10\/151027-200703.jpg\",\"datePublished\":\"2019-10-15T07:52:56+00:00\",\"dateModified\":\"2022-10-17T14:01:26+00:00\",\"description\":\"Con le sue 1270 acque stagnanti e i 200 laghi balneabili la Carinzia \u00e8 un vero paradiso acquatico! Scoprite i laghi della regione!\",\"breadcrumb\":{\"@id\":\"https:\/\/www.berghotel-presslauer.at\/it\/carinzia-laghi\/#breadcrumb\"},\"inLanguage\":\"it-IT\",\"potentialAction\":[{\"@type\":\"ReadAction\",\"target\":[\"https:\/\/www.berghotel-presslauer.at\/it\/carinzia-laghi\/\"]}]},{\"@type\":\"ImageObject\",\"inLanguage\":\"it-IT\",\"@id\":\"https:\/\/www.berghotel-presslauer.at\/it\/carinzia-laghi\/#primaryimage\",\"url\":\"https:\/\/www.berghotel-presslauer.at\/wp-content\/uploads\/2019\/10\/151027-200703.jpg\",\"contentUrl\":\"https:\/\/www.berghotel-presslauer.at\/wp-content\/uploads\/2019\/10\/151027-200703.jpg\",\"width\":2308,\"height\":1536,\"caption\":\"Badespa\u00df in K\u00e4rnten im Sommer\"},{\"@type\":\"BreadcrumbList\",\"@id\":\"https:\/\/www.berghotel-presslauer.at\/it\/carinzia-laghi\/#breadcrumb\",\"itemListElement\":[{\"@type\":\"ListItem\",\"position\":1,\"name\":\"Startseite\",\"item\":\"https:\/\/www.berghotel-presslauer.at\/it\/\"},{\"@type\":\"ListItem\",\"position\":2,\"name\":\"Laghi in Austria\"}]},{\"@type\":\"WebSite\",\"@id\":\"https:\/\/www.berghotel-presslauer.at\/it\/#website\",\"url\":\"https:\/\/www.berghotel-presslauer.at\/it\/\",\"name\":\"Berghotel Presslauer\",\"description\":\"Hotel | Zimmer | Ferienwohnungen | Nassfeld in K\u00e4rnten\",\"publisher\":{\"@id\":\"https:\/\/www.berghotel-presslauer.at\/it\/#organization\"},\"potentialAction\":[{\"@type\":\"SearchAction\",\"target\":{\"@type\":\"EntryPoint\",\"urlTemplate\":\"https:\/\/www.berghotel-presslauer.at\/it\/?s={search_term_string}\"},\"query-input\":{\"@type\":\"PropertyValueSpecification\",\"valueRequired\":true,\"valueName\":\"search_term_string\"}}],\"inLanguage\":\"it-IT\"},{\"@type\":\"Organization\",\"@id\":\"https:\/\/www.berghotel-presslauer.at\/it\/#organization\",\"name\":\"Berghotel Presslauer\",\"url\":\"https:\/\/www.berghotel-presslauer.at\/it\/\",\"logo\":{\"@type\":\"ImageObject\",\"inLanguage\":\"it-IT\",\"@id\":\"https:\/\/www.berghotel-presslauer.at\/it\/#\/schema\/logo\/image\/\",\"url\":\"https:\/\/www.berghotel-presslauer.at\/wp-content\/uploads\/2022\/10\/cropped-Logo_neu_Berghotel-Presslauer_Startseite.png\",\"contentUrl\":\"https:\/\/www.berghotel-presslauer.at\/wp-content\/uploads\/2022\/10\/cropped-Logo_neu_Berghotel-Presslauer_Startseite.png\",\"width\":245,\"height\":124,\"caption\":\"Berghotel Presslauer\"},\"image\":{\"@id\":\"https:\/\/www.berghotel-presslauer.at\/it\/#\/schema\/logo\/image\/\"}}]}<\/script>","yoast_head_json":{"title":"Laghi in Austria: Laghi della Carinzia | Berghotel Presslauer","description":"Con le sue 1270 acque stagnanti e i 200 laghi balneabili la Carinzia \u00e8 un vero paradiso acquatico! Scoprite i laghi della regione!","robots":{"index":"index","follow":"follow","max-snippet":"max-snippet:-1","max-image-preview":"max-image-preview:large","max-video-preview":"max-video-preview:-1"},"canonical":"https:\/\/www.berghotel-presslauer.at\/it\/carinzia-laghi\/","og_locale":"it_IT","og_type":"article","og_title":"Laghi in Austria: Laghi della Carinzia | Berghotel Presslauer","og_description":"Con le sue 1270 acque stagnanti e i 200 laghi balneabili la Carinzia \u00e8 un vero paradiso acquatico! Scoprite i laghi della regione!","og_url":"https:\/\/www.berghotel-presslauer.at\/it\/carinzia-laghi\/","og_site_name":"Berghotel Presslauer","article_modified_time":"2022-10-17T14:01:26+00:00","og_image":[{"width":2308,"height":1536,"url":"https:\/\/www.berghotel-presslauer.at\/wp-content\/uploads\/2019\/10\/151027-200703.jpg","type":"image\/jpeg"}],"twitter_card":"summary_large_image","twitter_misc":{"Tempo di lettura stimato":"2 minuti"},"schema":{"@context":"https:\/\/schema.org","@graph":[{"@type":"WebPage","@id":"https:\/\/www.berghotel-presslauer.at\/it\/carinzia-laghi\/","url":"https:\/\/www.berghotel-presslauer.at\/it\/carinzia-laghi\/","name":"Laghi in Austria: Laghi della Carinzia | Berghotel Presslauer","isPartOf":{"@id":"https:\/\/www.berghotel-presslauer.at\/it\/#website"},"primaryImageOfPage":{"@id":"https:\/\/www.berghotel-presslauer.at\/it\/carinzia-laghi\/#primaryimage"},"image":{"@id":"https:\/\/www.berghotel-presslauer.at\/it\/carinzia-laghi\/#primaryimage"},"thumbnailUrl":"https:\/\/www.berghotel-presslauer.at\/wp-content\/uploads\/2019\/10\/151027-200703.jpg","datePublished":"2019-10-15T07:52:56+00:00","dateModified":"2022-10-17T14:01:26+00:00","description":"Con le sue 1270 acque stagnanti e i 200 laghi balneabili la Carinzia \u00e8 un vero paradiso acquatico! Scoprite i laghi della regione!","breadcrumb":{"@id":"https:\/\/www.berghotel-presslauer.at\/it\/carinzia-laghi\/#breadcrumb"},"inLanguage":"it-IT","potentialAction":[{"@type":"ReadAction","target":["https:\/\/www.berghotel-presslauer.at\/it\/carinzia-laghi\/"]}]},{"@type":"ImageObject","inLanguage":"it-IT","@id":"https:\/\/www.berghotel-presslauer.at\/it\/carinzia-laghi\/#primaryimage","url":"https:\/\/www.berghotel-presslauer.at\/wp-content\/uploads\/2019\/10\/151027-200703.jpg","contentUrl":"https:\/\/www.berghotel-presslauer.at\/wp-content\/uploads\/2019\/10\/151027-200703.jpg","width":2308,"height":1536,"caption":"Badespa\u00df in K\u00e4rnten im Sommer"},{"@type":"BreadcrumbList","@id":"https:\/\/www.berghotel-presslauer.at\/it\/carinzia-laghi\/#breadcrumb","itemListElement":[{"@type":"ListItem","position":1,"name":"Startseite","item":"https:\/\/www.berghotel-presslauer.at\/it\/"},{"@type":"ListItem","position":2,"name":"Laghi in Austria"}]},{"@type":"WebSite","@id":"https:\/\/www.berghotel-presslauer.at\/it\/#website","url":"https:\/\/www.berghotel-presslauer.at\/it\/","name":"Berghotel Presslauer","description":"Hotel | Zimmer | Ferienwohnungen | Nassfeld in K\u00e4rnten","publisher":{"@id":"https:\/\/www.berghotel-presslauer.at\/it\/#organization"},"potentialAction":[{"@type":"SearchAction","target":{"@type":"EntryPoint","urlTemplate":"https:\/\/www.berghotel-presslauer.at\/it\/?s={search_term_string}"},"query-input":{"@type":"PropertyValueSpecification","valueRequired":true,"valueName":"search_term_string"}}],"inLanguage":"it-IT"},{"@type":"Organization","@id":"https:\/\/www.berghotel-presslauer.at\/it\/#organization","name":"Berghotel Presslauer","url":"https:\/\/www.berghotel-presslauer.at\/it\/","logo":{"@type":"ImageObject","inLanguage":"it-IT","@id":"https:\/\/www.berghotel-presslauer.at\/it\/#\/schema\/logo\/image\/","url":"https:\/\/www.berghotel-presslauer.at\/wp-content\/uploads\/2022\/10\/cropped-Logo_neu_Berghotel-Presslauer_Startseite.png","contentUrl":"https:\/\/www.berghotel-presslauer.at\/wp-content\/uploads\/2022\/10\/cropped-Logo_neu_Berghotel-Presslauer_Startseite.png","width":245,"height":124,"caption":"Berghotel Presslauer"},"image":{"@id":"https:\/\/www.berghotel-presslauer.at\/it\/#\/schema\/logo\/image\/"}}]}},"_links":{"self":[{"href":"https:\/\/www.berghotel-presslauer.at\/it\/wp-json\/wp\/v2\/pages\/2042","targetHints":{"allow":["GET"]}}],"collection":[{"href":"https:\/\/www.berghotel-presslauer.at\/it\/wp-json\/wp\/v2\/pages"}],"about":[{"href":"https:\/\/www.berghotel-presslauer.at\/it\/wp-json\/wp\/v2\/types\/page"}],"author":[{"embeddable":true,"href":"https:\/\/www.berghotel-presslauer.at\/it\/wp-json\/wp\/v2\/users\/1"}],"replies":[{"embeddable":true,"href":"https:\/\/www.berghotel-presslauer.at\/it\/wp-json\/wp\/v2\/comments?post=2042"}],"version-history":[{"count":5,"href":"https:\/\/www.berghotel-presslauer.at\/it\/wp-json\/wp\/v2\/pages\/2042\/revisions"}],"predecessor-version":[{"id":3077,"href":"https:\/\/www.berghotel-presslauer.at\/it\/wp-json\/wp\/v2\/pages\/2042\/revisions\/3077"}],"wp:featuredmedia":[{"embeddable":true,"href":"https:\/\/www.berghotel-presslauer.at\/it\/wp-json\/wp\/v2\/media\/1233"}],"wp:attachment":[{"href":"https:\/\/www.berghotel-presslauer.at\/it\/wp-json\/wp\/v2\/media?parent=2042"}],"curies":[{"name":"wp","href":"https:\/\/api.w.org\/{rel}","templated":true}]}}