{"id":2037,"date":"2019-10-14T16:57:53","date_gmt":"2019-10-14T14:57:53","guid":{"rendered":"http:\/\/berghotel-presslauer.at.w019c2cd.kasserver.com\/?page_id=2037"},"modified":"2022-10-17T16:01:17","modified_gmt":"2022-10-17T14:01:17","slug":"vacanze-sci-snowboard","status":"publish","type":"page","link":"https:\/\/www.berghotel-presslauer.at\/it\/vacanze-sci-snowboard\/","title":{"rendered":"Vacanze sci &#038; snowboard in Austria"},"content":{"rendered":"\n<!--more-->\n\n\n\n<div class=\"wp-block-getwid-section alignfull alignfull getwid-margin-top-none getwid-margin-bottom-none\"><div class=\"wp-block-getwid-section__wrapper getwid-padding-top-medium getwid-padding-bottom-none getwid-padding-left-medium getwid-padding-right-medium getwid-padding-mobile-left-small getwid-padding-mobile-right-small\"><div class=\"wp-block-getwid-section__inner-wrapper\"><div class=\"wp-block-getwid-section__background-holder\"><div class=\"wp-block-getwid-section__background\"><\/div><div class=\"wp-block-getwid-section__foreground\"><\/div><\/div><div class=\"wp-block-getwid-section__content\"><div class=\"wp-block-getwid-section__inner-content\">\n<div class=\"wp-block-columns has-2-columns is-layout-flex wp-container-core-columns-is-layout-9d6595d7 wp-block-columns-is-layout-flex\">\n<div class=\"wp-block-column is-layout-flow wp-block-column-is-layout-flow\">\n<div class=\"wp-block-getwid-section\"><div class=\"wp-block-getwid-section__wrapper getwid-padding-top-none getwid-padding-bottom-none getwid-padding-left-none getwid-padding-tablet-right-none\" style=\"padding-right:30px\"><div class=\"wp-block-getwid-section__inner-wrapper\"><div class=\"wp-block-getwid-section__background-holder\"><div class=\"wp-block-getwid-section__background\"><\/div><div class=\"wp-block-getwid-section__foreground\"><\/div><\/div><div class=\"wp-block-getwid-section__content\"><div class=\"wp-block-getwid-section__inner-content\">\n<div class=\"wp-block-getwid-advanced-heading is-style-style-1 has-custom-font-size\" style=\"font-size:12px;margin-bottom:10px\"><p class=\"wp-block-getwid-advanced-heading__content\" style=\"text-transform:uppercase;letter-spacing:1px\"><strong><strong>UNO DELLE &nbsp;10 MIGLIORI AREE SCIISTICHE IN TUTTA L\u2019AUSTRIA<\/strong><\/strong><\/p><\/div>\n\n\n\n<div class=\"wp-block-getwid-advanced-heading is-style-default\" style=\"margin-bottom:30px\"><h2 class=\"wp-block-getwid-advanced-heading__content\" style=\"text-transform:none;letter-spacing:1px\">Il&nbsp;Nassfeld&nbsp;\u2013 a 7 chilometri dal Berghotel Presslauer  <\/h2><\/div>\n\n\n\n<p>L\u2019area sciistica del Nassfeld e raggiungibile molto comodamente inpullmanoppure in macchina fino al punto di partenza della gondola \u201cMillenium-Express\u201d. La gondola vi&nbsp; porter\u00e0 direttamente nel cuore dell\u2019area&nbsp;sciistica del Nassfeld (Passo Pramollo), la stazione sciistica pi\u00f9 grande e pi\u00f9 moderna della Carinzia.<\/p>\n\n\n\n<p>Ildivertimento sciistico<strong> illimitato <\/strong>su 110 chilometri di piste perfettamente curate \u00e8 garantito! Il Nassfeld offre delle piste di ogni grado di difficolt\u00e0 a partire dalle piste semplici&nbsp; con tappeto magico fino alla discesa \u201cEuropacup\u201d. Le piste larghe indicate per famiglie sonoideali per famiglie con bambini. L\u2019area snowboard con halfpipe oppure il parco snowcross sono ideali per i&nbsp;free-stylerin ricerca di&nbsp;adrenalina.<\/p>\n\n\n\n<p>Rientrati in hotel potrete utilizzare la cantina sci riscaldata con asciugatore per i carponi e portasc\u00ec.<\/p>\n<\/div><\/div><\/div><\/div><\/div>\n<\/div>\n\n\n\n<div class=\"wp-block-column is-layout-flow wp-block-column-is-layout-flow\">\n<div class=\"wp-block-getwid-images-stack is-layout-delta\"><div class=\"wp-block-getwid-images-stack__wrapper\"><div class=\"wp-block-getwid-images-stack__chunk\"><div class=\"wp-block-getwid-images-stack__media-wrapper\"><div class=\"wp-block-getwid-images-stack__media-inner-wrapper\"><img loading=\"lazy\" decoding=\"async\" width=\"1024\" height=\"680\" class=\"wp-block-getwid-images-stack__media wp-image-1384\" src=\"https:\/\/www.berghotel-presslauer.at\/wp-content\/uploads\/2019\/10\/150910-197333-1024x680.jpg\" data-id=\"1384\" data-link=\"https:\/\/www.berghotel-presslauer.at\/?attachment_id=1384\" srcset=\"https:\/\/www.berghotel-presslauer.at\/wp-content\/uploads\/2019\/10\/150910-197333-1024x680.jpg 1024w, https:\/\/www.berghotel-presslauer.at\/wp-content\/uploads\/2019\/10\/150910-197333-600x399.jpg 600w, https:\/\/www.berghotel-presslauer.at\/wp-content\/uploads\/2019\/10\/150910-197333-768x510.jpg 768w, https:\/\/www.berghotel-presslauer.at\/wp-content\/uploads\/2019\/10\/150910-197333-1170x777.jpg 1170w\" sizes=\"auto, (max-width: 1024px) 100vw, 1024px\" \/><\/div><\/div><div class=\"wp-block-getwid-images-stack__media-wrapper\"><div class=\"wp-block-getwid-images-stack__media-inner-wrapper\"><img loading=\"lazy\" decoding=\"async\" width=\"1024\" height=\"681\" class=\"wp-block-getwid-images-stack__media wp-image-1385\" src=\"https:\/\/www.berghotel-presslauer.at\/wp-content\/uploads\/2019\/10\/150910-197331-1024x681.jpg\" data-id=\"1385\" data-link=\"https:\/\/www.berghotel-presslauer.at\/?attachment_id=1385\" srcset=\"https:\/\/www.berghotel-presslauer.at\/wp-content\/uploads\/2019\/10\/150910-197331-1024x681.jpg 1024w, https:\/\/www.berghotel-presslauer.at\/wp-content\/uploads\/2019\/10\/150910-197331-600x399.jpg 600w, https:\/\/www.berghotel-presslauer.at\/wp-content\/uploads\/2019\/10\/150910-197331-768x511.jpg 768w, https:\/\/www.berghotel-presslauer.at\/wp-content\/uploads\/2019\/10\/150910-197331-1170x778.jpg 1170w\" sizes=\"auto, (max-width: 1024px) 100vw, 1024px\" \/><\/div><\/div><div class=\"wp-block-getwid-images-stack__media-wrapper\"><div class=\"wp-block-getwid-images-stack__media-inner-wrapper\"><img loading=\"lazy\" decoding=\"async\" width=\"1024\" height=\"683\" class=\"wp-block-getwid-images-stack__media wp-image-1165\" src=\"https:\/\/www.berghotel-presslauer.at\/wp-content\/uploads\/2019\/09\/Skifahren-Winter-1-1024x683.jpg\" data-id=\"1165\" data-link=\"https:\/\/www.berghotel-presslauer.at\/home\/skifahren-winter-2\/\" srcset=\"https:\/\/www.berghotel-presslauer.at\/wp-content\/uploads\/2019\/09\/Skifahren-Winter-1-1024x683.jpg 1024w, https:\/\/www.berghotel-presslauer.at\/wp-content\/uploads\/2019\/09\/Skifahren-Winter-1-600x400.jpg 600w, https:\/\/www.berghotel-presslauer.at\/wp-content\/uploads\/2019\/09\/Skifahren-Winter-1-768x512.jpg 768w, https:\/\/www.berghotel-presslauer.at\/wp-content\/uploads\/2019\/09\/Skifahren-Winter-1-1170x780.jpg 1170w\" sizes=\"auto, (max-width: 1024px) 100vw, 1024px\" \/><\/div><\/div><\/div><\/div><\/div>\n<\/div>\n<\/div>\n<\/div><\/div><\/div><\/div><\/div>\n\n\n\n<div style=\"height:100px\" aria-hidden=\"true\" class=\"wp-block-spacer\"><\/div>\n\n\n\n<div class=\"wp-block-getwid-section alignfull getwid-margin-top-none getwid-margin-bottom-none\"><div class=\"wp-block-getwid-section__wrapper getwid-padding-top-none getwid-padding-bottom-none getwid-padding-left-medium getwid-padding-right-medium getwid-padding-mobile-left-small getwid-padding-mobile-right-small\"><div class=\"wp-block-getwid-section__inner-wrapper\"><div class=\"wp-block-getwid-section__background-holder\"><div class=\"wp-block-getwid-section__background\" style=\"background-image:url('https:\/\/www.berghotel-presslauer.at\/wp-content\/uploads\/2019\/10\/00000009394_Nassfeld-Ski-Family-2013-tinefoto-03-05_001-12_tinefoto-com-martin-steinthaler_Martin-Steinthaler-tinefoto-com.jpg');background-position:center center\"><div class=\"wp-block-getwid-section__background-image-wrapper\"><img decoding=\"async\" class=\"wp-block-getwid-section__background-image\" src=\"https:\/\/www.berghotel-presslauer.at\/wp-content\/uploads\/2019\/10\/00000009394_Nassfeld-Ski-Family-2013-tinefoto-03-05_001-12_tinefoto-com-martin-steinthaler_Martin-Steinthaler-tinefoto-com.jpg\" alt=\"\"\/><\/div><\/div><div class=\"wp-block-getwid-section__foreground\"><\/div><\/div><div class=\"wp-block-getwid-section__content\"><div class=\"wp-block-getwid-section__inner-content\">\n<div class=\"wp-block-getwid-section\" style=\"margin-top:-60px;margin-bottom:-60px\"><div class=\"wp-block-getwid-section__wrapper getwid-padding-left-normal getwid-padding-right-normal getwid-margin-tablet-right-none\" style=\"margin-right:50%;padding-top:109px;padding-bottom:110px\"><div class=\"wp-block-getwid-section__inner-wrapper\"><div class=\"wp-block-getwid-section__background-holder\"><div class=\"wp-block-getwid-section__background has-background\" style=\"background-color:#0968b5\"><\/div><div class=\"wp-block-getwid-section__foreground\" style=\"background-image:url('https:\/\/www.berghotel-presslauer.at\/wp-content\/uploads\/2019\/09\/bg_mountains-1.png');background-position:top left;background-size:auto\"><\/div><\/div><div class=\"wp-block-getwid-section__content\"><div class=\"wp-block-getwid-section__inner-content\">\n<div class=\"wp-block-getwid-advanced-heading has-custom-font-size\" style=\"font-size:31px;margin-bottom:40px\"><h3 class=\"wp-block-getwid-advanced-heading__content has-text-color has-white-color\">Informazioni sulla zona sciistica<\/h3><\/div>\n\n\n\n<p class=\"has-white-color has-text-color\">Il Nassfeld \u00e8 una delle aree sciistiche pi\u00f9 conosciute in Austria e offre 30 moderne funivie&nbsp;e impianti di risalita, nonch\u00e9 divertimento su&nbsp;110 chilometri di piste.<\/p>\n\n\n\n<div style=\"height:30px\" aria-hidden=\"true\" class=\"wp-block-spacer\"><\/div>\n\n\n\n<div class=\"wp-block-columns has-3-columns is-layout-flex wp-container-core-columns-is-layout-9d6595d7 wp-block-columns-is-layout-flex\">\n<div class=\"wp-block-column is-layout-flow wp-block-column-is-layout-flow\">\n<div class=\"wp-block-getwid-icon-box has-text-center\"><div style=\"margin-bottom:12px\" class=\"wp-block-getwid-icon-box__icon-container has-layout-stacked is-position-top\"><a href=\"https:\/\/www.bergfex.at\/nassfeld\/schneebericht\/\" target=\"_blank\" rel=\"noreferrer noopener\" class=\"wp-block-getwid-icon-box__icon-wrapper has-background has-white-background-color has-text-color has-blue-color\" style=\"font-size:18px;padding:20px\"><i class=\"fas fa-snowflake\"><\/i><\/a><\/div><div class=\"wp-block-getwid-icon-box__content\">\n<div class=\"wp-block-getwid-advanced-heading\"><h6 class=\"wp-block-getwid-advanced-heading__content has-text-color has-white-color\">Bollettino della neve <\/h6><\/div>\n<\/div><\/div>\n\n\n\n<p><\/p>\n<\/div>\n\n\n\n<div class=\"wp-block-column is-layout-flow wp-block-column-is-layout-flow\">\n<div class=\"wp-block-getwid-icon-box has-text-center\"><div style=\"margin-bottom:12px\" class=\"wp-block-getwid-icon-box__icon-container has-layout-stacked is-position-top\"><a href=\"https:\/\/www.bergfex.at\/nassfeld\/\" target=\"_blank\" rel=\"noreferrer noopener\" class=\"wp-block-getwid-icon-box__icon-wrapper has-background has-white-background-color has-text-color has-blue-color\" style=\"font-size:18px;padding:20px\"><i class=\"fas fa-info-circle\"><\/i><\/a><\/div><div class=\"wp-block-getwid-icon-box__content\">\n<div class=\"wp-block-getwid-advanced-heading\"><h6 class=\"wp-block-getwid-advanced-heading__content has-text-color has-white-color\"> Impianti di risalita e piste <\/h6><\/div>\n<\/div><\/div>\n<\/div>\n\n\n\n<div class=\"wp-block-column is-layout-flow wp-block-column-is-layout-flow\">\n<div class=\"wp-block-getwid-icon-box has-text-center\"><div style=\"margin-bottom:12px\" class=\"wp-block-getwid-icon-box__icon-container has-layout-stacked is-position-top\"><a href=\"https:\/\/www.bergfex.at\/nassfeld\/wetter\/berg\/\" target=\"_blank\" rel=\"noreferrer noopener\" class=\"wp-block-getwid-icon-box__icon-wrapper has-background has-white-background-color has-text-color has-blue-color\" style=\"font-size:18px;padding:20px\"><i class=\"fas fa-sun\"><\/i><\/a><\/div><div class=\"wp-block-getwid-icon-box__content\">\n<div class=\"wp-block-getwid-advanced-heading\"><h6 class=\"wp-block-getwid-advanced-heading__content has-text-color has-white-color\"> Il tempo in montagna <\/h6><\/div>\n<\/div><\/div>\n<\/div>\n<\/div>\n\n\n\n<div style=\"height:35px\" aria-hidden=\"true\" class=\"wp-block-spacer\"><\/div>\n\n\n\n<div class=\"wp-block-button\"><a class=\"wp-block-button__link has-white-color has-blue-background-color has-text-color has-background\" href=\"https:\/\/www.nassfeld.at\/it\/attivita\/sciare-austria\/comprensorio-sciistico-nassfeld\/prezzi-skipass\"> Prezzi skipass <\/a><\/div>\n<\/div><\/div><\/div><\/div><\/div>\n<\/div><\/div><\/div><\/div><\/div>\n","protected":false},"excerpt":{"rendered":"<p>Scoprite l\u2019area sciistica del Nassfeld in Carinzia! 110 chilometri di piste e una delle 10 migliori aree sciistiche in Austria.<\/p>\n","protected":false},"author":1,"featured_media":1165,"parent":0,"menu_order":68,"comment_status":"closed","ping_status":"closed","template":"","meta":{"inline_featured_image":false,"footnotes":""},"class_list":["post-2037","page","type-page","status-publish","has-post-thumbnail","hentry"],"yoast_head":"<title>Settimana bianca: Vacanze sci &amp; snowboard | Berghotel Presslauer<\/title>\n<meta name=\"description\" content=\"Una delle 10 migliori aree sciistiche dell&#039;Austria si trova a soli 7 km dall&#039;hotel! Godetevi una giornata sulle piste del Passo Pramollo!\" \/>\n<meta name=\"robots\" content=\"index, follow, max-snippet:-1, max-image-preview:large, max-video-preview:-1\" \/>\n<link rel=\"canonical\" href=\"https:\/\/www.berghotel-presslauer.at\/it\/vacanze-sci-snowboard\/\" \/>\n<meta property=\"og:locale\" content=\"it_IT\" \/>\n<meta property=\"og:type\" content=\"article\" \/>\n<meta property=\"og:title\" content=\"Settimana bianca: Vacanze sci &amp; snowboard | Berghotel Presslauer\" \/>\n<meta property=\"og:description\" content=\"Una delle 10 migliori aree sciistiche dell&#039;Austria si trova a soli 7 km dall&#039;hotel! Godetevi una giornata sulle piste del Passo Pramollo!\" \/>\n<meta property=\"og:url\" content=\"https:\/\/www.berghotel-presslauer.at\/it\/vacanze-sci-snowboard\/\" \/>\n<meta property=\"og:site_name\" content=\"Berghotel Presslauer\" \/>\n<meta property=\"article:modified_time\" content=\"2022-10-17T14:01:17+00:00\" \/>\n<meta property=\"og:image\" content=\"https:\/\/www.berghotel-presslauer.at\/wp-content\/uploads\/2019\/09\/Skifahren-Winter-1.jpg\" \/>\n\t<meta property=\"og:image:width\" content=\"2304\" \/>\n\t<meta property=\"og:image:height\" content=\"1536\" \/>\n\t<meta property=\"og:image:type\" content=\"image\/jpeg\" \/>\n<meta name=\"twitter:card\" content=\"summary_large_image\" \/>\n<meta name=\"twitter:label1\" content=\"Tempo di lettura stimato\" \/>\n\t<meta name=\"twitter:data1\" content=\"2 minuti\" \/>\n<script type=\"application\/ld+json\" class=\"yoast-schema-graph\">{\"@context\":\"https:\\\/\\\/schema.org\",\"@graph\":[{\"@type\":\"WebPage\",\"@id\":\"https:\\\/\\\/www.berghotel-presslauer.at\\\/it\\\/vacanze-sci-snowboard\\\/\",\"url\":\"https:\\\/\\\/www.berghotel-presslauer.at\\\/it\\\/vacanze-sci-snowboard\\\/\",\"name\":\"Settimana bianca: Vacanze sci & snowboard | Berghotel Presslauer\",\"isPartOf\":{\"@id\":\"https:\\\/\\\/www.berghotel-presslauer.at\\\/it\\\/#website\"},\"primaryImageOfPage\":{\"@id\":\"https:\\\/\\\/www.berghotel-presslauer.at\\\/it\\\/vacanze-sci-snowboard\\\/#primaryimage\"},\"image\":{\"@id\":\"https:\\\/\\\/www.berghotel-presslauer.at\\\/it\\\/vacanze-sci-snowboard\\\/#primaryimage\"},\"thumbnailUrl\":\"https:\\\/\\\/www.berghotel-presslauer.at\\\/wp-content\\\/uploads\\\/2019\\\/09\\\/Skifahren-Winter-1.jpg\",\"datePublished\":\"2019-10-14T14:57:53+00:00\",\"dateModified\":\"2022-10-17T14:01:17+00:00\",\"description\":\"Una delle 10 migliori aree sciistiche dell'Austria si trova a soli 7 km dall'hotel! Godetevi una giornata sulle piste del Passo Pramollo!\",\"breadcrumb\":{\"@id\":\"https:\\\/\\\/www.berghotel-presslauer.at\\\/it\\\/vacanze-sci-snowboard\\\/#breadcrumb\"},\"inLanguage\":\"it-IT\",\"potentialAction\":[{\"@type\":\"ReadAction\",\"target\":[\"https:\\\/\\\/www.berghotel-presslauer.at\\\/it\\\/vacanze-sci-snowboard\\\/\"]}]},{\"@type\":\"ImageObject\",\"inLanguage\":\"it-IT\",\"@id\":\"https:\\\/\\\/www.berghotel-presslauer.at\\\/it\\\/vacanze-sci-snowboard\\\/#primaryimage\",\"url\":\"https:\\\/\\\/www.berghotel-presslauer.at\\\/wp-content\\\/uploads\\\/2019\\\/09\\\/Skifahren-Winter-1.jpg\",\"contentUrl\":\"https:\\\/\\\/www.berghotel-presslauer.at\\\/wp-content\\\/uploads\\\/2019\\\/09\\\/Skifahren-Winter-1.jpg\",\"width\":2304,\"height\":1536},{\"@type\":\"BreadcrumbList\",\"@id\":\"https:\\\/\\\/www.berghotel-presslauer.at\\\/it\\\/vacanze-sci-snowboard\\\/#breadcrumb\",\"itemListElement\":[{\"@type\":\"ListItem\",\"position\":1,\"name\":\"Startseite\",\"item\":\"https:\\\/\\\/www.berghotel-presslauer.at\\\/it\\\/\"},{\"@type\":\"ListItem\",\"position\":2,\"name\":\"Vacanze sci &#038; snowboard in Austria\"}]},{\"@type\":\"WebSite\",\"@id\":\"https:\\\/\\\/www.berghotel-presslauer.at\\\/it\\\/#website\",\"url\":\"https:\\\/\\\/www.berghotel-presslauer.at\\\/it\\\/\",\"name\":\"Berghotel Presslauer\",\"description\":\"Hotel | Zimmer | Ferienwohnungen | Nassfeld in K\u00e4rnten\",\"publisher\":{\"@id\":\"https:\\\/\\\/www.berghotel-presslauer.at\\\/it\\\/#organization\"},\"potentialAction\":[{\"@type\":\"SearchAction\",\"target\":{\"@type\":\"EntryPoint\",\"urlTemplate\":\"https:\\\/\\\/www.berghotel-presslauer.at\\\/it\\\/?s={search_term_string}\"},\"query-input\":{\"@type\":\"PropertyValueSpecification\",\"valueRequired\":true,\"valueName\":\"search_term_string\"}}],\"inLanguage\":\"it-IT\"},{\"@type\":\"Organization\",\"@id\":\"https:\\\/\\\/www.berghotel-presslauer.at\\\/it\\\/#organization\",\"name\":\"Berghotel Presslauer\",\"url\":\"https:\\\/\\\/www.berghotel-presslauer.at\\\/it\\\/\",\"logo\":{\"@type\":\"ImageObject\",\"inLanguage\":\"it-IT\",\"@id\":\"https:\\\/\\\/www.berghotel-presslauer.at\\\/it\\\/#\\\/schema\\\/logo\\\/image\\\/\",\"url\":\"https:\\\/\\\/www.berghotel-presslauer.at\\\/wp-content\\\/uploads\\\/2022\\\/10\\\/cropped-Logo_neu_Berghotel-Presslauer_Startseite.png\",\"contentUrl\":\"https:\\\/\\\/www.berghotel-presslauer.at\\\/wp-content\\\/uploads\\\/2022\\\/10\\\/cropped-Logo_neu_Berghotel-Presslauer_Startseite.png\",\"width\":245,\"height\":124,\"caption\":\"Berghotel Presslauer\"},\"image\":{\"@id\":\"https:\\\/\\\/www.berghotel-presslauer.at\\\/it\\\/#\\\/schema\\\/logo\\\/image\\\/\"}}]}<\/script>","yoast_head_json":{"title":"Settimana bianca: Vacanze sci & snowboard | Berghotel Presslauer","description":"Una delle 10 migliori aree sciistiche dell'Austria si trova a soli 7 km dall'hotel! Godetevi una giornata sulle piste del Passo Pramollo!","robots":{"index":"index","follow":"follow","max-snippet":"max-snippet:-1","max-image-preview":"max-image-preview:large","max-video-preview":"max-video-preview:-1"},"canonical":"https:\/\/www.berghotel-presslauer.at\/it\/vacanze-sci-snowboard\/","og_locale":"it_IT","og_type":"article","og_title":"Settimana bianca: Vacanze sci & snowboard | Berghotel Presslauer","og_description":"Una delle 10 migliori aree sciistiche dell'Austria si trova a soli 7 km dall'hotel! Godetevi una giornata sulle piste del Passo Pramollo!","og_url":"https:\/\/www.berghotel-presslauer.at\/it\/vacanze-sci-snowboard\/","og_site_name":"Berghotel Presslauer","article_modified_time":"2022-10-17T14:01:17+00:00","og_image":[{"width":2304,"height":1536,"url":"https:\/\/www.berghotel-presslauer.at\/wp-content\/uploads\/2019\/09\/Skifahren-Winter-1.jpg","type":"image\/jpeg"}],"twitter_card":"summary_large_image","twitter_misc":{"Tempo di lettura stimato":"2 minuti"},"schema":{"@context":"https:\/\/schema.org","@graph":[{"@type":"WebPage","@id":"https:\/\/www.berghotel-presslauer.at\/it\/vacanze-sci-snowboard\/","url":"https:\/\/www.berghotel-presslauer.at\/it\/vacanze-sci-snowboard\/","name":"Settimana bianca: Vacanze sci & snowboard | Berghotel Presslauer","isPartOf":{"@id":"https:\/\/www.berghotel-presslauer.at\/it\/#website"},"primaryImageOfPage":{"@id":"https:\/\/www.berghotel-presslauer.at\/it\/vacanze-sci-snowboard\/#primaryimage"},"image":{"@id":"https:\/\/www.berghotel-presslauer.at\/it\/vacanze-sci-snowboard\/#primaryimage"},"thumbnailUrl":"https:\/\/www.berghotel-presslauer.at\/wp-content\/uploads\/2019\/09\/Skifahren-Winter-1.jpg","datePublished":"2019-10-14T14:57:53+00:00","dateModified":"2022-10-17T14:01:17+00:00","description":"Una delle 10 migliori aree sciistiche dell'Austria si trova a soli 7 km dall'hotel! Godetevi una giornata sulle piste del Passo Pramollo!","breadcrumb":{"@id":"https:\/\/www.berghotel-presslauer.at\/it\/vacanze-sci-snowboard\/#breadcrumb"},"inLanguage":"it-IT","potentialAction":[{"@type":"ReadAction","target":["https:\/\/www.berghotel-presslauer.at\/it\/vacanze-sci-snowboard\/"]}]},{"@type":"ImageObject","inLanguage":"it-IT","@id":"https:\/\/www.berghotel-presslauer.at\/it\/vacanze-sci-snowboard\/#primaryimage","url":"https:\/\/www.berghotel-presslauer.at\/wp-content\/uploads\/2019\/09\/Skifahren-Winter-1.jpg","contentUrl":"https:\/\/www.berghotel-presslauer.at\/wp-content\/uploads\/2019\/09\/Skifahren-Winter-1.jpg","width":2304,"height":1536},{"@type":"BreadcrumbList","@id":"https:\/\/www.berghotel-presslauer.at\/it\/vacanze-sci-snowboard\/#breadcrumb","itemListElement":[{"@type":"ListItem","position":1,"name":"Startseite","item":"https:\/\/www.berghotel-presslauer.at\/it\/"},{"@type":"ListItem","position":2,"name":"Vacanze sci &#038; snowboard in Austria"}]},{"@type":"WebSite","@id":"https:\/\/www.berghotel-presslauer.at\/it\/#website","url":"https:\/\/www.berghotel-presslauer.at\/it\/","name":"Berghotel Presslauer","description":"Hotel | Zimmer | Ferienwohnungen | Nassfeld in K\u00e4rnten","publisher":{"@id":"https:\/\/www.berghotel-presslauer.at\/it\/#organization"},"potentialAction":[{"@type":"SearchAction","target":{"@type":"EntryPoint","urlTemplate":"https:\/\/www.berghotel-presslauer.at\/it\/?s={search_term_string}"},"query-input":{"@type":"PropertyValueSpecification","valueRequired":true,"valueName":"search_term_string"}}],"inLanguage":"it-IT"},{"@type":"Organization","@id":"https:\/\/www.berghotel-presslauer.at\/it\/#organization","name":"Berghotel Presslauer","url":"https:\/\/www.berghotel-presslauer.at\/it\/","logo":{"@type":"ImageObject","inLanguage":"it-IT","@id":"https:\/\/www.berghotel-presslauer.at\/it\/#\/schema\/logo\/image\/","url":"https:\/\/www.berghotel-presslauer.at\/wp-content\/uploads\/2022\/10\/cropped-Logo_neu_Berghotel-Presslauer_Startseite.png","contentUrl":"https:\/\/www.berghotel-presslauer.at\/wp-content\/uploads\/2022\/10\/cropped-Logo_neu_Berghotel-Presslauer_Startseite.png","width":245,"height":124,"caption":"Berghotel Presslauer"},"image":{"@id":"https:\/\/www.berghotel-presslauer.at\/it\/#\/schema\/logo\/image\/"}}]}},"_links":{"self":[{"href":"https:\/\/www.berghotel-presslauer.at\/it\/wp-json\/wp\/v2\/pages\/2037","targetHints":{"allow":["GET"]}}],"collection":[{"href":"https:\/\/www.berghotel-presslauer.at\/it\/wp-json\/wp\/v2\/pages"}],"about":[{"href":"https:\/\/www.berghotel-presslauer.at\/it\/wp-json\/wp\/v2\/types\/page"}],"author":[{"embeddable":true,"href":"https:\/\/www.berghotel-presslauer.at\/it\/wp-json\/wp\/v2\/users\/1"}],"replies":[{"embeddable":true,"href":"https:\/\/www.berghotel-presslauer.at\/it\/wp-json\/wp\/v2\/comments?post=2037"}],"version-history":[{"count":5,"href":"https:\/\/www.berghotel-presslauer.at\/it\/wp-json\/wp\/v2\/pages\/2037\/revisions"}],"predecessor-version":[{"id":3076,"href":"https:\/\/www.berghotel-presslauer.at\/it\/wp-json\/wp\/v2\/pages\/2037\/revisions\/3076"}],"wp:featuredmedia":[{"embeddable":true,"href":"https:\/\/www.berghotel-presslauer.at\/it\/wp-json\/wp\/v2\/media\/1165"}],"wp:attachment":[{"href":"https:\/\/www.berghotel-presslauer.at\/it\/wp-json\/wp\/v2\/media?parent=2037"}],"curies":[{"name":"wp","href":"https:\/\/api.w.org\/{rel}","templated":true}]}}