{"id":1960,"date":"2019-10-11T11:14:52","date_gmt":"2019-10-11T09:14:52","guid":{"rendered":"http:\/\/berghotel-presslauer.at.w019c2cd.kasserver.com\/?page_id=1960"},"modified":"2025-04-20T19:51:46","modified_gmt":"2025-04-20T17:51:46","slug":"chi-siamo","status":"publish","type":"page","link":"https:\/\/www.berghotel-presslauer.at\/it\/chi-siamo\/","title":{"rendered":"Chi siamo"},"content":{"rendered":"\n<div class=\"wp-block-getwid-section alignfull getwid-section-content-full-width\" style=\"margin-top:90px\"><div class=\"wp-block-getwid-section__wrapper getwid-padding-top-none getwid-padding-bottom-none getwid-padding-left-none getwid-padding-right-none\"><div class=\"wp-block-getwid-section__inner-wrapper\"><div class=\"wp-block-getwid-section__background-holder\"><div class=\"wp-block-getwid-section__background\" style=\"background-image:url('https:\/\/www.berghotel-presslauer.at\/wp-content\/uploads\/2019\/07\/image_placeholder-copy-5.png');background-size:contain\"><div class=\"wp-block-getwid-section__background-image-wrapper\"><img decoding=\"async\" class=\"wp-block-getwid-section__background-image\" src=\"https:\/\/www.berghotel-presslauer.at\/wp-content\/uploads\/2019\/07\/image_placeholder-copy-5.png\" alt=\"\"\/><\/div><\/div><div class=\"wp-block-getwid-section__foreground\"><\/div><\/div><div class=\"wp-block-getwid-section__content\"><div class=\"wp-block-getwid-section__inner-content\">\n<div class=\"wp-block-getwid-section\"><div class=\"wp-block-getwid-section__wrapper\"><div class=\"wp-block-getwid-section__inner-wrapper\"><div class=\"wp-block-getwid-section__background-holder\"><div class=\"wp-block-getwid-section__background\"><\/div><div class=\"wp-block-getwid-section__foreground\"><\/div><\/div><div class=\"wp-block-getwid-section__content\"><div class=\"wp-block-getwid-section__inner-content\">\n<div class=\"wp-block-columns has-2-columns is-layout-flex wp-container-core-columns-is-layout-9d6595d7 wp-block-columns-is-layout-flex\">\n<div class=\"wp-block-column is-layout-flow wp-block-column-is-layout-flow\">\n<div class=\"wp-block-getwid-advanced-heading is-style-style-1 has-custom-font-size\" style=\"font-size:12px\"><p class=\"wp-block-getwid-advanced-heading__content\" style=\"text-transform:uppercase\"> Nachhaltig in die Zukunft<\/p><\/div>\n\n\n\n<div class=\"wp-block-getwid-advanced-heading is-style-default\"><h2 class=\"wp-block-getwid-advanced-heading__content\">Wir lieben die Natur und brauchen sie, daher m\u00f6chten wir sie erhalten und sch\u00fctzen!<\/h2><\/div>\n\n\n\n<ul class=\"wp-block-list\">\n<li>Heizen mit Holz aus dem eigenen Wald<\/li>\n\n\n\n<li>Reines Bergquellwasser aus jedem Wasserhahn<\/li>\n\n\n\n<li>Photovoltaik Anlage<\/li>\n\n\n\n<li>Sonnengespeiste E- Tankstelle<\/li>\n\n\n\n<li>Hauseigene und regionale Lebensmittel<\/li>\n<\/ul>\n\n\n\n<div class=\"wp-block-getwid-advanced-heading is-style-default\"><h2 class=\"wp-block-getwid-advanced-heading__content\">100% Regional = 100% Genuss<\/h2><\/div>\n\n\n\n<p>Wir verwenden ausschlie\u00dflich regionale &amp; \u00f6sterreichische Produkte f\u00fcr unsere frisch zubereiteten Speisen. REGIONAL \u201eISST\u201c GENIAL Neben der Produktion von Rindfleisch, Speck &amp; Schnaps, bauen wir auch viele Salate, Kr\u00e4uter und Gem\u00fcse in unserem kleinen Garten an. Davon profitieren alle rund ums Jahr!<\/p>\n\n\n\n<div class=\"wp-block-getwid-advanced-heading is-style-default\"><h2 class=\"wp-block-getwid-advanced-heading__content\">Nat\u00fcrlich.Berghotel.Presslauer<\/h2><\/div>\n\n\n\n<p>Wichtige Bausteine der Energieunabh\u00e4ngigkeit sind eigene Wasserquellen, Holz zum Heizen aus dem eigenen Wald sowie eine Photovoltaikanlage! Ein gro\u00dfer Teil der in unserem Hotel verwendeten Lebensmittel stammt aus eigener Produktion und von regionalen Landwirten. Dadurch garantieren wir nicht nur h\u00f6chste Qualit\u00e4t, sondern auch Nachhaltigkeit, Tierwohl und kurze Transportwege.<\/p>\n<\/div>\n\n\n\n<div class=\"wp-block-column is-layout-flow wp-block-column-is-layout-flow\">\n<div class=\"wp-block-getwid-images-stack is-layout-delta\"><div class=\"wp-block-getwid-images-stack__wrapper\"><div class=\"wp-block-getwid-images-stack__chunk\"><div class=\"wp-block-getwid-images-stack__media-wrapper\"><div class=\"wp-block-getwid-images-stack__media-inner-wrapper\"><img loading=\"lazy\" decoding=\"async\" width=\"581\" height=\"539\" class=\"wp-block-getwid-images-stack__media wp-image-3490\" src=\"https:\/\/www.berghotel-presslauer.at\/wp-content\/uploads\/2024\/03\/nachhaltig2.png\" data-id=\"3490\" data-link=\"https:\/\/www.berghotel-presslauer.at\/ueber-uns\/nachhaltig2\/\"\/><\/div><\/div><\/div><\/div><\/div>\n<\/div>\n<\/div>\n<\/div><\/div><\/div><\/div><\/div>\n<\/div><\/div><\/div><\/div><\/div>\n\n\n\n<p>Wir hei\u00dfen Sie und Ihre Familie herzlich bei uns willkommen!<\/p>\n\n\n\n<!--more-->\n\n\n\n<div class=\"wp-block-getwid-section alignfull getwid-section-content-full-width\" style=\"margin-top:90px\"><div class=\"wp-block-getwid-section__wrapper getwid-padding-top-none getwid-padding-bottom-none getwid-padding-left-none getwid-padding-right-none\"><div class=\"wp-block-getwid-section__inner-wrapper\"><div class=\"wp-block-getwid-section__background-holder\"><div class=\"wp-block-getwid-section__background\" style=\"background-image:url('https:\/\/www.berghotel-presslauer.at\/wp-content\/uploads\/2019\/07\/image_placeholder-copy-5.png');background-size:contain\"><div class=\"wp-block-getwid-section__background-image-wrapper\"><img decoding=\"async\" class=\"wp-block-getwid-section__background-image\" src=\"https:\/\/www.berghotel-presslauer.at\/wp-content\/uploads\/2019\/07\/image_placeholder-copy-5.png\" alt=\"\"\/><\/div><\/div><div class=\"wp-block-getwid-section__foreground\"><\/div><\/div><div class=\"wp-block-getwid-section__content\"><div class=\"wp-block-getwid-section__inner-content\">\n<div class=\"wp-block-getwid-section\"><div class=\"wp-block-getwid-section__wrapper\"><div class=\"wp-block-getwid-section__inner-wrapper\"><div class=\"wp-block-getwid-section__background-holder\"><div class=\"wp-block-getwid-section__background\"><\/div><div class=\"wp-block-getwid-section__foreground\"><\/div><\/div><div class=\"wp-block-getwid-section__content\"><div class=\"wp-block-getwid-section__inner-content\">\n<div class=\"wp-block-columns has-2-columns is-layout-flex wp-container-core-columns-is-layout-9d6595d7 wp-block-columns-is-layout-flex\">\n<div class=\"wp-block-column is-layout-flow wp-block-column-is-layout-flow\">\n<div class=\"wp-block-getwid-advanced-heading is-style-style-1 has-custom-font-size\" style=\"font-size:12px\"><p class=\"wp-block-getwid-advanced-heading__content\" style=\"text-transform:uppercase\"> Urlaub mit und unter Freunden <\/p><\/div>\n\n\n\n<div class=\"wp-block-getwid-advanced-heading is-style-default\"><h2 class=\"wp-block-getwid-advanced-heading__content\">Die Familie Presslauer hei\u00dft Sie herzlichst willkommen!<\/h2><\/div>\n\n\n\n<p>Gastgeber zu sein ist f\u00fcr uns eine Freude und liegt uns am Herzen. Unser kleines, gem\u00fctliches Berghotel ist unser Lebenswerk. Und so wie wir als Familie wachsen, w\u00e4chst auch unser Hotel mit. Von Jahr zu Jahr wird es immer sch\u00f6ner, gem\u00fctlicher, reichhaltiger und herzlicher.<\/p>\n\n\n\n<p>Wir legen viel Wert auf die kleinen Details, um unseren G\u00e4sten den Aufenthalt so angenehm wie m\u00f6glich zu gestalten. F\u00fchlen Sie sich bei uns wie zu Hause, lassen Sie uns gemeinsam Spa\u00df haben, singen und das Leben genie\u00dfen! So wird Ihr Aufenthalt in K\u00e4rnten zu etwas Besonderem!<\/p>\n\n\n\n<p>Wir freuen uns, Sie schon bald bei uns begr\u00fc\u00dfen zu d\u00fcrfen!<br>Bis bald bei uns im Berghotel Presslauer,<\/p>\n\n\n\n<p>Ihre Hoteliers&nbsp;Maria&nbsp;und&nbsp;Gerd&nbsp;<br>und Michael mit Eva- Maria.<\/p>\n<\/div>\n\n\n\n<div class=\"wp-block-column is-layout-flow wp-block-column-is-layout-flow\">\n<div class=\"wp-block-getwid-images-stack is-layout-delta\"><div class=\"wp-block-getwid-images-stack__wrapper\"><div class=\"wp-block-getwid-images-stack__chunk\"><div class=\"wp-block-getwid-images-stack__media-wrapper\"><div class=\"wp-block-getwid-images-stack__media-inner-wrapper\"><img loading=\"lazy\" decoding=\"async\" width=\"1707\" height=\"2560\" class=\"wp-block-getwid-images-stack__media wp-image-3857\" src=\"https:\/\/www.berghotel-presslauer.at\/wp-content\/uploads\/2025\/04\/20250404BerghotelPresslauerTiere9von109-scaled.jpg\" data-id=\"3857\" data-link=\"https:\/\/www.berghotel-presslauer.at\/20250404berghotelpresslauertiere9von109\/\" srcset=\"https:\/\/www.berghotel-presslauer.at\/wp-content\/uploads\/2025\/04\/20250404BerghotelPresslauerTiere9von109-scaled.jpg 1707w, https:\/\/www.berghotel-presslauer.at\/wp-content\/uploads\/2025\/04\/20250404BerghotelPresslauerTiere9von109-400x600.jpg 400w, https:\/\/www.berghotel-presslauer.at\/wp-content\/uploads\/2025\/04\/20250404BerghotelPresslauerTiere9von109-683x1024.jpg 683w, https:\/\/www.berghotel-presslauer.at\/wp-content\/uploads\/2025\/04\/20250404BerghotelPresslauerTiere9von109-768x1152.jpg 768w, https:\/\/www.berghotel-presslauer.at\/wp-content\/uploads\/2025\/04\/20250404BerghotelPresslauerTiere9von109-1024x1536.jpg 1024w, https:\/\/www.berghotel-presslauer.at\/wp-content\/uploads\/2025\/04\/20250404BerghotelPresslauerTiere9von109-1365x2048.jpg 1365w, https:\/\/www.berghotel-presslauer.at\/wp-content\/uploads\/2025\/04\/20250404BerghotelPresslauerTiere9von109-1170x1755.jpg 1170w\" sizes=\"auto, (max-width: 1707px) 100vw, 1707px\" \/><\/div><\/div><div class=\"wp-block-getwid-images-stack__media-wrapper\"><div class=\"wp-block-getwid-images-stack__media-inner-wrapper\"><img loading=\"lazy\" decoding=\"async\" width=\"2560\" height=\"1707\" class=\"wp-block-getwid-images-stack__media wp-image-3854\" src=\"https:\/\/www.berghotel-presslauer.at\/wp-content\/uploads\/2025\/04\/20250404BerghotelPresslauerTiere6von109-scaled.jpg\" data-id=\"3854\" data-link=\"https:\/\/www.berghotel-presslauer.at\/20250404berghotelpresslauertiere6von109\/\" srcset=\"https:\/\/www.berghotel-presslauer.at\/wp-content\/uploads\/2025\/04\/20250404BerghotelPresslauerTiere6von109-scaled.jpg 2560w, https:\/\/www.berghotel-presslauer.at\/wp-content\/uploads\/2025\/04\/20250404BerghotelPresslauerTiere6von109-600x400.jpg 600w, https:\/\/www.berghotel-presslauer.at\/wp-content\/uploads\/2025\/04\/20250404BerghotelPresslauerTiere6von109-1024x683.jpg 1024w, https:\/\/www.berghotel-presslauer.at\/wp-content\/uploads\/2025\/04\/20250404BerghotelPresslauerTiere6von109-768x512.jpg 768w, https:\/\/www.berghotel-presslauer.at\/wp-content\/uploads\/2025\/04\/20250404BerghotelPresslauerTiere6von109-1536x1024.jpg 1536w, https:\/\/www.berghotel-presslauer.at\/wp-content\/uploads\/2025\/04\/20250404BerghotelPresslauerTiere6von109-2048x1365.jpg 2048w, https:\/\/www.berghotel-presslauer.at\/wp-content\/uploads\/2025\/04\/20250404BerghotelPresslauerTiere6von109-1170x780.jpg 1170w\" sizes=\"auto, (max-width: 2560px) 100vw, 2560px\" \/><\/div><\/div><\/div><\/div><\/div>\n<\/div>\n<\/div>\n\n\n\n<div class=\"wp-block-buttons is-horizontal is-content-justification-left is-layout-flex wp-container-core-buttons-is-layout-7e5fce0a wp-block-buttons-is-layout-flex\">\n<div class=\"wp-block-button\"><a class=\"wp-block-button__link wp-element-button\" href=\"https:\/\/www.berghotel-presslauer.at\/it\/prenotare\/\">Urlaub in K\u00e4rnten Buchen<\/a><\/div>\n<\/div>\n<\/div><\/div><\/div><\/div><\/div>\n<\/div><\/div><\/div><\/div><\/div>\n\n\n<div class=\"wp-block-image\">\n<figure class=\"aligncenter size-large\"><img loading=\"lazy\" decoding=\"async\" width=\"1024\" height=\"683\" src=\"https:\/\/www.berghotel-presslauer.at\/wp-content\/uploads\/2025\/04\/20250404BerghotelPresslauerTiere2von109-1024x683.jpg\" alt=\"\" class=\"wp-image-4026\" srcset=\"https:\/\/www.berghotel-presslauer.at\/wp-content\/uploads\/2025\/04\/20250404BerghotelPresslauerTiere2von109-1024x683.jpg 1024w, https:\/\/www.berghotel-presslauer.at\/wp-content\/uploads\/2025\/04\/20250404BerghotelPresslauerTiere2von109-600x400.jpg 600w, https:\/\/www.berghotel-presslauer.at\/wp-content\/uploads\/2025\/04\/20250404BerghotelPresslauerTiere2von109-768x512.jpg 768w, https:\/\/www.berghotel-presslauer.at\/wp-content\/uploads\/2025\/04\/20250404BerghotelPresslauerTiere2von109-1536x1024.jpg 1536w, https:\/\/www.berghotel-presslauer.at\/wp-content\/uploads\/2025\/04\/20250404BerghotelPresslauerTiere2von109-2048x1365.jpg 2048w, https:\/\/www.berghotel-presslauer.at\/wp-content\/uploads\/2025\/04\/20250404BerghotelPresslauerTiere2von109-1170x780.jpg 1170w\" sizes=\"auto, (max-width: 1024px) 100vw, 1024px\" \/><\/figure>\n<\/div>","protected":false},"excerpt":{"rendered":"<p>Vi diamo un cordiale benvenuto in Austria!<\/p>\n","protected":false},"author":1,"featured_media":4043,"parent":0,"menu_order":22,"comment_status":"closed","ping_status":"closed","template":"","meta":{"inline_featured_image":false,"footnotes":""},"class_list":["post-1960","page","type-page","status-publish","has-post-thumbnail","hentry"],"yoast_head":"<title>Chi siamo: Famiglia Presslauer | Berghotel Presslauer<\/title>\n<meta name=\"description\" content=\"Cos\u00ec come cresce la nostra famiglia cresce anche il nostro albergo diventando sempre un po&#039; pi\u00f9 accogliente. Scopri di pi\u00f9 su di noi qui!\" \/>\n<meta name=\"robots\" content=\"index, follow, max-snippet:-1, max-image-preview:large, max-video-preview:-1\" \/>\n<link rel=\"canonical\" href=\"https:\/\/www.berghotel-presslauer.at\/it\/chi-siamo\/\" \/>\n<meta property=\"og:locale\" content=\"it_IT\" \/>\n<meta property=\"og:type\" content=\"article\" \/>\n<meta property=\"og:title\" content=\"Chi siamo: Famiglia Presslauer | Berghotel Presslauer\" \/>\n<meta property=\"og:description\" content=\"Cos\u00ec come cresce la nostra famiglia cresce anche il nostro albergo diventando sempre un po&#039; pi\u00f9 accogliente. Scopri di pi\u00f9 su di noi qui!\" \/>\n<meta property=\"og:url\" content=\"https:\/\/www.berghotel-presslauer.at\/it\/chi-siamo\/\" \/>\n<meta property=\"og:site_name\" content=\"Berghotel Presslauer\" \/>\n<meta property=\"article:modified_time\" content=\"2025-04-20T17:51:46+00:00\" \/>\n<meta property=\"og:image\" content=\"https:\/\/www.berghotel-presslauer.at\/wp-content\/uploads\/2025\/04\/20250404BerghotelPresslauerTiere77von109-1-scaled.jpg\" \/>\n\t<meta property=\"og:image:width\" content=\"2560\" \/>\n\t<meta property=\"og:image:height\" content=\"1707\" \/>\n\t<meta property=\"og:image:type\" content=\"image\/jpeg\" \/>\n<meta name=\"twitter:card\" content=\"summary_large_image\" \/>\n<meta name=\"twitter:label1\" content=\"Tempo di lettura stimato\" \/>\n\t<meta name=\"twitter:data1\" content=\"3 minuti\" \/>\n<script type=\"application\/ld+json\" class=\"yoast-schema-graph\">{\"@context\":\"https:\/\/schema.org\",\"@graph\":[{\"@type\":\"WebPage\",\"@id\":\"https:\/\/www.berghotel-presslauer.at\/it\/chi-siamo\/\",\"url\":\"https:\/\/www.berghotel-presslauer.at\/it\/chi-siamo\/\",\"name\":\"Chi siamo: Famiglia Presslauer | Berghotel Presslauer\",\"isPartOf\":{\"@id\":\"https:\/\/www.berghotel-presslauer.at\/it\/#website\"},\"primaryImageOfPage\":{\"@id\":\"https:\/\/www.berghotel-presslauer.at\/it\/chi-siamo\/#primaryimage\"},\"image\":{\"@id\":\"https:\/\/www.berghotel-presslauer.at\/it\/chi-siamo\/#primaryimage\"},\"thumbnailUrl\":\"https:\/\/www.berghotel-presslauer.at\/wp-content\/uploads\/2025\/04\/20250404BerghotelPresslauerTiere77von109-1-scaled.jpg\",\"datePublished\":\"2019-10-11T09:14:52+00:00\",\"dateModified\":\"2025-04-20T17:51:46+00:00\",\"description\":\"Cos\u00ec come cresce la nostra famiglia cresce anche il nostro albergo diventando sempre un po' pi\u00f9 accogliente. Scopri di pi\u00f9 su di noi qui!\",\"breadcrumb\":{\"@id\":\"https:\/\/www.berghotel-presslauer.at\/it\/chi-siamo\/#breadcrumb\"},\"inLanguage\":\"it-IT\",\"potentialAction\":[{\"@type\":\"ReadAction\",\"target\":[\"https:\/\/www.berghotel-presslauer.at\/it\/chi-siamo\/\"]}]},{\"@type\":\"ImageObject\",\"inLanguage\":\"it-IT\",\"@id\":\"https:\/\/www.berghotel-presslauer.at\/it\/chi-siamo\/#primaryimage\",\"url\":\"https:\/\/www.berghotel-presslauer.at\/wp-content\/uploads\/2025\/04\/20250404BerghotelPresslauerTiere77von109-1-scaled.jpg\",\"contentUrl\":\"https:\/\/www.berghotel-presslauer.at\/wp-content\/uploads\/2025\/04\/20250404BerghotelPresslauerTiere77von109-1-scaled.jpg\",\"width\":2560,\"height\":1707},{\"@type\":\"BreadcrumbList\",\"@id\":\"https:\/\/www.berghotel-presslauer.at\/it\/chi-siamo\/#breadcrumb\",\"itemListElement\":[{\"@type\":\"ListItem\",\"position\":1,\"name\":\"Startseite\",\"item\":\"https:\/\/www.berghotel-presslauer.at\/it\/\"},{\"@type\":\"ListItem\",\"position\":2,\"name\":\"Chi siamo\"}]},{\"@type\":\"WebSite\",\"@id\":\"https:\/\/www.berghotel-presslauer.at\/it\/#website\",\"url\":\"https:\/\/www.berghotel-presslauer.at\/it\/\",\"name\":\"Berghotel Presslauer\",\"description\":\"Hotel | Zimmer | Ferienwohnungen | Nassfeld in K\u00e4rnten\",\"publisher\":{\"@id\":\"https:\/\/www.berghotel-presslauer.at\/it\/#organization\"},\"potentialAction\":[{\"@type\":\"SearchAction\",\"target\":{\"@type\":\"EntryPoint\",\"urlTemplate\":\"https:\/\/www.berghotel-presslauer.at\/it\/?s={search_term_string}\"},\"query-input\":{\"@type\":\"PropertyValueSpecification\",\"valueRequired\":true,\"valueName\":\"search_term_string\"}}],\"inLanguage\":\"it-IT\"},{\"@type\":\"Organization\",\"@id\":\"https:\/\/www.berghotel-presslauer.at\/it\/#organization\",\"name\":\"Berghotel Presslauer\",\"url\":\"https:\/\/www.berghotel-presslauer.at\/it\/\",\"logo\":{\"@type\":\"ImageObject\",\"inLanguage\":\"it-IT\",\"@id\":\"https:\/\/www.berghotel-presslauer.at\/it\/#\/schema\/logo\/image\/\",\"url\":\"https:\/\/www.berghotel-presslauer.at\/wp-content\/uploads\/2022\/10\/cropped-Logo_neu_Berghotel-Presslauer_Startseite.png\",\"contentUrl\":\"https:\/\/www.berghotel-presslauer.at\/wp-content\/uploads\/2022\/10\/cropped-Logo_neu_Berghotel-Presslauer_Startseite.png\",\"width\":245,\"height\":124,\"caption\":\"Berghotel Presslauer\"},\"image\":{\"@id\":\"https:\/\/www.berghotel-presslauer.at\/it\/#\/schema\/logo\/image\/\"}}]}<\/script>","yoast_head_json":{"title":"Chi siamo: Famiglia Presslauer | Berghotel Presslauer","description":"Cos\u00ec come cresce la nostra famiglia cresce anche il nostro albergo diventando sempre un po' pi\u00f9 accogliente. Scopri di pi\u00f9 su di noi qui!","robots":{"index":"index","follow":"follow","max-snippet":"max-snippet:-1","max-image-preview":"max-image-preview:large","max-video-preview":"max-video-preview:-1"},"canonical":"https:\/\/www.berghotel-presslauer.at\/it\/chi-siamo\/","og_locale":"it_IT","og_type":"article","og_title":"Chi siamo: Famiglia Presslauer | Berghotel Presslauer","og_description":"Cos\u00ec come cresce la nostra famiglia cresce anche il nostro albergo diventando sempre un po' pi\u00f9 accogliente. Scopri di pi\u00f9 su di noi qui!","og_url":"https:\/\/www.berghotel-presslauer.at\/it\/chi-siamo\/","og_site_name":"Berghotel Presslauer","article_modified_time":"2025-04-20T17:51:46+00:00","og_image":[{"width":2560,"height":1707,"url":"https:\/\/www.berghotel-presslauer.at\/wp-content\/uploads\/2025\/04\/20250404BerghotelPresslauerTiere77von109-1-scaled.jpg","type":"image\/jpeg"}],"twitter_card":"summary_large_image","twitter_misc":{"Tempo di lettura stimato":"3 minuti"},"schema":{"@context":"https:\/\/schema.org","@graph":[{"@type":"WebPage","@id":"https:\/\/www.berghotel-presslauer.at\/it\/chi-siamo\/","url":"https:\/\/www.berghotel-presslauer.at\/it\/chi-siamo\/","name":"Chi siamo: Famiglia Presslauer | Berghotel Presslauer","isPartOf":{"@id":"https:\/\/www.berghotel-presslauer.at\/it\/#website"},"primaryImageOfPage":{"@id":"https:\/\/www.berghotel-presslauer.at\/it\/chi-siamo\/#primaryimage"},"image":{"@id":"https:\/\/www.berghotel-presslauer.at\/it\/chi-siamo\/#primaryimage"},"thumbnailUrl":"https:\/\/www.berghotel-presslauer.at\/wp-content\/uploads\/2025\/04\/20250404BerghotelPresslauerTiere77von109-1-scaled.jpg","datePublished":"2019-10-11T09:14:52+00:00","dateModified":"2025-04-20T17:51:46+00:00","description":"Cos\u00ec come cresce la nostra famiglia cresce anche il nostro albergo diventando sempre un po' pi\u00f9 accogliente. Scopri di pi\u00f9 su di noi qui!","breadcrumb":{"@id":"https:\/\/www.berghotel-presslauer.at\/it\/chi-siamo\/#breadcrumb"},"inLanguage":"it-IT","potentialAction":[{"@type":"ReadAction","target":["https:\/\/www.berghotel-presslauer.at\/it\/chi-siamo\/"]}]},{"@type":"ImageObject","inLanguage":"it-IT","@id":"https:\/\/www.berghotel-presslauer.at\/it\/chi-siamo\/#primaryimage","url":"https:\/\/www.berghotel-presslauer.at\/wp-content\/uploads\/2025\/04\/20250404BerghotelPresslauerTiere77von109-1-scaled.jpg","contentUrl":"https:\/\/www.berghotel-presslauer.at\/wp-content\/uploads\/2025\/04\/20250404BerghotelPresslauerTiere77von109-1-scaled.jpg","width":2560,"height":1707},{"@type":"BreadcrumbList","@id":"https:\/\/www.berghotel-presslauer.at\/it\/chi-siamo\/#breadcrumb","itemListElement":[{"@type":"ListItem","position":1,"name":"Startseite","item":"https:\/\/www.berghotel-presslauer.at\/it\/"},{"@type":"ListItem","position":2,"name":"Chi siamo"}]},{"@type":"WebSite","@id":"https:\/\/www.berghotel-presslauer.at\/it\/#website","url":"https:\/\/www.berghotel-presslauer.at\/it\/","name":"Berghotel Presslauer","description":"Hotel | Zimmer | Ferienwohnungen | Nassfeld in K\u00e4rnten","publisher":{"@id":"https:\/\/www.berghotel-presslauer.at\/it\/#organization"},"potentialAction":[{"@type":"SearchAction","target":{"@type":"EntryPoint","urlTemplate":"https:\/\/www.berghotel-presslauer.at\/it\/?s={search_term_string}"},"query-input":{"@type":"PropertyValueSpecification","valueRequired":true,"valueName":"search_term_string"}}],"inLanguage":"it-IT"},{"@type":"Organization","@id":"https:\/\/www.berghotel-presslauer.at\/it\/#organization","name":"Berghotel Presslauer","url":"https:\/\/www.berghotel-presslauer.at\/it\/","logo":{"@type":"ImageObject","inLanguage":"it-IT","@id":"https:\/\/www.berghotel-presslauer.at\/it\/#\/schema\/logo\/image\/","url":"https:\/\/www.berghotel-presslauer.at\/wp-content\/uploads\/2022\/10\/cropped-Logo_neu_Berghotel-Presslauer_Startseite.png","contentUrl":"https:\/\/www.berghotel-presslauer.at\/wp-content\/uploads\/2022\/10\/cropped-Logo_neu_Berghotel-Presslauer_Startseite.png","width":245,"height":124,"caption":"Berghotel Presslauer"},"image":{"@id":"https:\/\/www.berghotel-presslauer.at\/it\/#\/schema\/logo\/image\/"}}]}},"_links":{"self":[{"href":"https:\/\/www.berghotel-presslauer.at\/it\/wp-json\/wp\/v2\/pages\/1960","targetHints":{"allow":["GET"]}}],"collection":[{"href":"https:\/\/www.berghotel-presslauer.at\/it\/wp-json\/wp\/v2\/pages"}],"about":[{"href":"https:\/\/www.berghotel-presslauer.at\/it\/wp-json\/wp\/v2\/types\/page"}],"author":[{"embeddable":true,"href":"https:\/\/www.berghotel-presslauer.at\/it\/wp-json\/wp\/v2\/users\/1"}],"replies":[{"embeddable":true,"href":"https:\/\/www.berghotel-presslauer.at\/it\/wp-json\/wp\/v2\/comments?post=1960"}],"version-history":[{"count":18,"href":"https:\/\/www.berghotel-presslauer.at\/it\/wp-json\/wp\/v2\/pages\/1960\/revisions"}],"predecessor-version":[{"id":4034,"href":"https:\/\/www.berghotel-presslauer.at\/it\/wp-json\/wp\/v2\/pages\/1960\/revisions\/4034"}],"wp:featuredmedia":[{"embeddable":true,"href":"https:\/\/www.berghotel-presslauer.at\/it\/wp-json\/wp\/v2\/media\/4043"}],"wp:attachment":[{"href":"https:\/\/www.berghotel-presslauer.at\/it\/wp-json\/wp\/v2\/media?parent=1960"}],"curies":[{"name":"wp","href":"https:\/\/api.w.org\/{rel}","templated":true}]}}