{"id":2085,"date":"2019-10-15T11:53:49","date_gmt":"2019-10-15T09:53:49","guid":{"rendered":"http:\/\/berghotel-presslauer.at.w019c2cd.kasserver.com\/?page_id=2085"},"modified":"2025-10-24T06:55:17","modified_gmt":"2025-10-24T04:55:17","slug":"imprint","status":"publish","type":"page","link":"https:\/\/www.berghotel-presslauer.at\/en\/imprint\/","title":{"rendered":"Imprint"},"content":{"rendered":"\n<div class=\"wp-block-getwid-section alignwide alignwide\"><div class=\"wp-block-getwid-section__wrapper\"><div class=\"wp-block-getwid-section__inner-wrapper\"><div class=\"wp-block-getwid-section__background-holder\"><div class=\"wp-block-getwid-section__background\"><\/div><div class=\"wp-block-getwid-section__foreground\"><\/div><\/div><div class=\"wp-block-getwid-section__content\"><div class=\"wp-block-getwid-section__inner-content\">\n<p><\/p>\n\n\n\n<p>\n\t<strong>Berghotel Presslauer GmbH<\/strong><br>\n\tKreuth 18<br>\n\t9631 Kreuth ob Rattendorf<\/p>\n\n\n\n<p><strong>Tel.:<\/strong> +43 4285 209<br> <strong>E-Mail:<\/strong> <a href=\"mailto:mail@berghotel-presslauer.at\">mail@berghotel-presslauer.at<\/a><\/p>\n\n\n\n<p><strong>UID Nummer<\/strong>:  ATU58020616 <br><strong>Firmengericht<\/strong>: Hermagor<br><strong>Aufsichtsbeh\u00f6rde<\/strong>: Landesgericht Klagenfurt<br><strong>Fachgruppe<\/strong>: Hotellerie<br><\/p>\n\n\n\n<figure class=\"wp-block-image\"><a href=\"https:\/\/firmen.wko.at\/Web\/DetailsKontakt.aspx?FirmaID=fb7a1ace-8aa2-4f36-b5dd-4ac79c3428da&amp;StandortID=0&amp;Suchbegriff=Berghotel+Pre%c3%9flauer&amp;Page=1\" target=\"_blank\" rel=\"noreferrer noopener\"><img decoding=\"async\" src=\"https:\/\/www.troepolacherhof.at\/images\/RTEmagicC_ecg.gif.gif\" alt=\"RTEmagicC ecg.gif\"\/><\/a><\/figure>\n\n\n\n<p><strong>Grundlegende Richtung<\/strong>: <br>Die Website des Berghotel Pre\u00dflauer ist eine Informations- und Serviceeinrichtung f\u00fcr Kunden  und die interessierte \u00d6ffentlichkeit. <br><strong>Die Rechte der Inhalte und Bilder liegen beim Berghotel Pre\u00dflauer, der NLW, der K\u00e4rnten Werbung und \u00a9 nassfeld.at. <br><\/strong><br><strong>Konzept, Design und Produktion dieser Website<\/strong><\/p>\n\n\n\n<figure class=\"wp-block-image\"><a href=\"http:\/\/www.cs4web.at\" target=\"_blank\" rel=\"noreferrer noopener\"><img loading=\"lazy\" decoding=\"async\" width=\"250\" height=\"108\" src=\"https:\/\/www.berghotel-presslauer.at\/wp-content\/uploads\/2019\/10\/logo_s.png\" alt=\"\" class=\"wp-image-1863\"\/><\/a><\/figure>\n\n\n\n<p><strong>CS4Web OG<\/strong><br>Lederergasse 29<br>A-9500 Villach<br>Tel: +43(0)676\/6607054<br><a href=\"mailto:office@cs4web.at\">office@cs4web.at<\/a><br><a href=\"http:\/\/www.cs4web.at\" target=\"_blank\" rel=\"noreferrer noopener\">www.cs4web.at<\/a><br><strong>UID<\/strong>: ATU71287537<br><strong>Gerichtsstand<\/strong>: Villach <br><strong>Firmenbuchgericht<\/strong>: Villach\n\n<\/p>\n\n\n\n<p><strong>Inhalt des Onlineangebotes<\/strong><br>Der\n Autor \u00fcbernimmt keinerlei Gew\u00e4hr f\u00fcr die Aktualit\u00e4t, Korrektheit, \nVollst\u00e4ndigkeit oder Qualit\u00e4t der bereitgestellten Informationen. \nHaftungsanspr\u00fcche gegen den Autor, welche sich auf Sch\u00e4den materieller \noder ideeller Art beziehen, die durch die Nutzung oder Nichtnutzung der \ndargebotenen Informationen bzw. durch die Nutzung fehlerhafter und \nunvollst\u00e4ndiger Informationen verursacht wurden, sind grunds\u00e4tzlich \nausgeschlossen, sofern seitens des Autors kein nachweislich \nvors\u00e4tzliches oder grob fahrl\u00e4ssiges Verschulden vorliegt. &#8211; Alle \nAngebote sind freibleibend und unverbindlich. Der Autor beh\u00e4lt es sich \nausdr\u00fccklich vor, Teile der Seiten oder das gesamte Angebot ohne \ngesonderte Ank\u00fcndigung zu ver\u00e4ndern, zu erg\u00e4nzen, zu l\u00f6schen oder die \nVer\u00f6ffentlichung zeitweise oder endg\u00fcltig einzustellen.<\/p>\n\n\n\n<p><strong>Verweise und Links<\/strong><br>Bei direkten \noder indirekten Verweisen auf fremde Internetseiten (&#8220;Links&#8221;), die \nau\u00dferhalb des Verantwortungsbereiches des Autors liegen, w\u00fcrde eine \nHaftungsverpflichtung ausschlie\u00dflich in dem Fall in Kraft treten, in dem\n der Autor von den Inhalten Kenntnis hat und es ihm technisch m\u00f6glich \nund zumutbar w\u00e4re, die Nutzung im Falle rechtswidriger Inhalte zu \nverhindern. &#8211; Der Autor erkl\u00e4rt hiermit ausdr\u00fccklich, dass zum Zeitpunkt\n der Linksetzung keine illegalen Inhalte auf den zu verlinkenden Seiten \nerkennbar waren. Auf die aktuelle und zuk\u00fcnftige Gestaltung, die Inhalte\n oder die Urheberschaft der gelinkten\/verkn\u00fcpften Seiten hat der Autor \nkeinerlei Einfluss. Deshalb distanziert er sich hiermit ausdr\u00fccklich von\n allen Inhalten aller gelinkten \/verkn\u00fcpften Seiten, die nach der \nLinksetzung ver\u00e4ndert wurden. Diese Feststellung gilt f\u00fcr alle innerhalb\n des eigenen Internetangebotes gesetzten Links und Verweise sowie f\u00fcr \nFremdeintr\u00e4ge in vom Autor eingerichteten G\u00e4steb\u00fcchern, Diskussionsforen\n und Mailinglisten. F\u00fcr illegale, fehlerhafte oder unvollst\u00e4ndige \nInhalte und insbesondere f\u00fcr Sch\u00e4den, die aus der Nutzung oder \nNichtnutzung solcherart dargebotener Informationen entstehen, haftet \nallein der Anbieter der Seite, auf welche verwiesen wurde, nicht \nderjenige, der \u00fcber Links auf die jeweilige Ver\u00f6ffentlichung lediglich \nverweist.<\/p>\n\n\n\n<p><strong>Urheber- und Kennzeichenrecht<\/strong><br>Der\n Autor ist bestrebt, in allen Publikationen die Urheberrechte der \nverwendeten Grafiken, Tondokumente, Videosequenzen und Texte zu \nbeachten, von ihm selbst erstellte Grafiken, Tondokumente, \nVideosequenzen und Texte zu nutzen oder auf lizenzfreie Grafiken, \nTondokumente, Videosequenzen und Texte zur\u00fcckzugreifen. &#8211; Alle innerhalb\n des Internetangebotes genannten und ggf. durch Dritte gesch\u00fctzten \nMarken- und Warenzeichen unterliegen uneingeschr\u00e4nkt den Bestimmungen \ndes jeweils g\u00fcltigen Kennzeichenrechts und den Besitzrechten der \njeweiligen eingetragenen Eigent\u00fcmer. Allein aufgrund der blo\u00dfen Nennung \nist nicht der Schluss zu ziehen, dass Markenzeichen nicht durch Rechte \nDritter gesch\u00fctzt sind! &#8211; Das Copyright f\u00fcr ver\u00f6ffentlichte, vom Autor \nselbst erstellte Objekte bleibt allein beim Autor der Seiten. Eine \nVervielf\u00e4ltigung oder Verwendung solcher Grafiken, Tondokumente, \nVideosequenzen und Texte in anderen elektronischen oder gedruckten \nPublikationen ist ohne ausdr\u00fcckliche Zustimmung des Autors nicht \ngestattet.<\/p>\n\n\n\n<p><strong>Datenschutz<\/strong><br>Sofern innerhalb des \nInternetangebotes die M\u00f6glichkeit zur Eingabe pers\u00f6nlicher oder \ngesch\u00e4ftlicher Daten (Emailadressen, Namen, Anschriften) besteht, so \nerfolgt die Preisgabe dieser Daten seitens des Nutzers auf ausdr\u00fccklich \nfreiwilliger Basis. Die Inanspruchnahme und Bezahlung aller angebotenen \nDienste ist &#8211; soweit technisch m\u00f6glich und zumutbar &#8211; auch ohne Angabe \nsolcher Daten bzw. unter Angabe anonymisierter Daten oder eines \nPseudonyms gestattet.<\/p>\n\n\n\n<p><strong>Datenschutzerkl\u00e4rung f\u00fcr die Nutzung von Google Analytics<\/strong><br>Diese\n Website benutzt Google Analytics, einen Webanalysedienst der Google \nInc. (&#8220;Google&#8221;). Google Analytics verwendet sog. &#8220;Cookies&#8221;, Textdateien,\n die auf Ihrem Computer gespeichert werden und die eine Analyse der \nBenutzung der Website durch Sie erm\u00f6glichen. Die durch den Cookie \nerzeugten Informationen \u00fcber Ihre Benutzung dieser Website werden in der\n Regel an einen Server von Google in den USA \u00fcbertragen und dort \ngespeichert. Im Falle der Aktivierung der IP-Anonymisierung auf dieser \nWebseite wird Ihre IP-Adresse von Google jedoch innerhalb von \nMitgliedstaaten der Europ\u00e4ischen Union oder in anderen Vertragsstaaten \ndes Abkommens \u00fcber den Europ\u00e4ischen Wirtschaftsraum zuvor gek\u00fcrzt.<\/p>\n\n\n\n<p>Nur in Ausnahmef\u00e4llen wird die volle \nIP-Adresse an einen Server von Google in den USA \u00fcbertragen und dort \ngek\u00fcrzt. Im Auftrag des Betreibers dieser Website wird Google diese \nInformationen benutzen, um Ihre Nutzung der Website auszuwerten, um \nReports \u00fcber die Websiteaktivit\u00e4ten zusammenzustellen und um weitere mit\n der Websitenutzung und der Internetnutzung verbundene Dienstleistungen \ngegen\u00fcber dem Websitebetreiber zu erbringen. Die im Rahmen von Google \nAnalytics von Ihrem Browser \u00fcbermittelte IP-Adresse wird nicht mit \nanderen Daten von Google zusammengef\u00fchrt.<\/p>\n\n\n\n<p>Sie k\u00f6nnen die Speicherung der Cookies \ndurch eine entsprechende Einstellung Ihrer Browser-Software verhindern; \nwir weisen Sie jedoch darauf hin, dass Sie in diesem Fall gegebenenfalls\n nicht s\u00e4mtliche Funktionen dieser Website vollumf\u00e4nglich werden nutzen \nk\u00f6nnen. Sie k\u00f6nnen dar\u00fcber hinaus die Erfassung der durch das Cookie \nerzeugten und auf Ihre Nutzung der Website bezogenen Daten (inkl. Ihrer \nIP-Adresse) an Google sowie die Verarbeitung dieser Daten durch Google \nverhindern, indem sie das unter dem folgenden Link verf\u00fcgbare \nBrowser-Plugin herunterladen und installieren: <a href=\"http:\/\/tools.google.com\/dlpage\/gaoptout?hl=de\">http:\/\/tools.google.com\/dlpage\/gaoptout?hl=de<\/a>.<\/p>\n<\/div><\/div><\/div><\/div><\/div>\n","protected":false},"excerpt":{"rendered":"","protected":false},"author":1,"featured_media":1041,"parent":0,"menu_order":31,"comment_status":"closed","ping_status":"closed","template":"","meta":{"inline_featured_image":false,"footnotes":""},"class_list":["post-2085","page","type-page","status-publish","has-post-thumbnail","hentry"],"yoast_head":"<title>Imprint &amp; Company Details of the Berghotel Presslauer<\/title>\n<meta name=\"description\" content=\"Find the imprint &amp; important company information about Berghotel Presslauer GmbH here. Do not hesitate to contact us for further information!\" \/>\n<meta name=\"robots\" content=\"index, follow, max-snippet:-1, max-image-preview:large, max-video-preview:-1\" \/>\n<link rel=\"canonical\" href=\"https:\/\/www.berghotel-presslauer.at\/en\/imprint\/\" \/>\n<meta property=\"og:locale\" content=\"en_US\" \/>\n<meta property=\"og:type\" content=\"article\" \/>\n<meta property=\"og:title\" content=\"Imprint &amp; Company Details of the Berghotel Presslauer\" \/>\n<meta property=\"og:description\" content=\"Find the imprint &amp; important company information about Berghotel Presslauer GmbH here. Do not hesitate to contact us for further information!\" \/>\n<meta property=\"og:url\" content=\"https:\/\/www.berghotel-presslauer.at\/en\/imprint\/\" \/>\n<meta property=\"og:site_name\" content=\"Berghotel Presslauer\" \/>\n<meta property=\"article:modified_time\" content=\"2025-10-24T04:55:17+00:00\" \/>\n<meta property=\"og:image\" content=\"https:\/\/www.berghotel-presslauer.at\/wp-content\/uploads\/2019\/09\/Teich-mit-Hotel.jpg\" \/>\n\t<meta property=\"og:image:width\" content=\"2301\" \/>\n\t<meta property=\"og:image:height\" content=\"1536\" \/>\n\t<meta property=\"og:image:type\" content=\"image\/jpeg\" \/>\n<meta name=\"twitter:card\" content=\"summary_large_image\" \/>\n<meta name=\"twitter:label1\" content=\"Est. reading time\" \/>\n\t<meta name=\"twitter:data1\" content=\"6 minutes\" \/>\n<script type=\"application\/ld+json\" class=\"yoast-schema-graph\">{\"@context\":\"https:\\\/\\\/schema.org\",\"@graph\":[{\"@type\":\"WebPage\",\"@id\":\"https:\\\/\\\/www.berghotel-presslauer.at\\\/en\\\/imprint\\\/\",\"url\":\"https:\\\/\\\/www.berghotel-presslauer.at\\\/en\\\/imprint\\\/\",\"name\":\"Imprint & Company Details of the Berghotel Presslauer\",\"isPartOf\":{\"@id\":\"https:\\\/\\\/www.berghotel-presslauer.at\\\/en\\\/#website\"},\"primaryImageOfPage\":{\"@id\":\"https:\\\/\\\/www.berghotel-presslauer.at\\\/en\\\/imprint\\\/#primaryimage\"},\"image\":{\"@id\":\"https:\\\/\\\/www.berghotel-presslauer.at\\\/en\\\/imprint\\\/#primaryimage\"},\"thumbnailUrl\":\"https:\\\/\\\/www.berghotel-presslauer.at\\\/wp-content\\\/uploads\\\/2019\\\/09\\\/Teich-mit-Hotel.jpg\",\"datePublished\":\"2019-10-15T09:53:49+00:00\",\"dateModified\":\"2025-10-24T04:55:17+00:00\",\"description\":\"Find the imprint & important company information about Berghotel Presslauer GmbH here. Do not hesitate to contact us for further information!\",\"breadcrumb\":{\"@id\":\"https:\\\/\\\/www.berghotel-presslauer.at\\\/en\\\/imprint\\\/#breadcrumb\"},\"inLanguage\":\"en-US\",\"potentialAction\":[{\"@type\":\"ReadAction\",\"target\":[\"https:\\\/\\\/www.berghotel-presslauer.at\\\/en\\\/imprint\\\/\"]}]},{\"@type\":\"ImageObject\",\"inLanguage\":\"en-US\",\"@id\":\"https:\\\/\\\/www.berghotel-presslauer.at\\\/en\\\/imprint\\\/#primaryimage\",\"url\":\"https:\\\/\\\/www.berghotel-presslauer.at\\\/wp-content\\\/uploads\\\/2019\\\/09\\\/Teich-mit-Hotel.jpg\",\"contentUrl\":\"https:\\\/\\\/www.berghotel-presslauer.at\\\/wp-content\\\/uploads\\\/2019\\\/09\\\/Teich-mit-Hotel.jpg\",\"width\":2301,\"height\":1536},{\"@type\":\"BreadcrumbList\",\"@id\":\"https:\\\/\\\/www.berghotel-presslauer.at\\\/en\\\/imprint\\\/#breadcrumb\",\"itemListElement\":[{\"@type\":\"ListItem\",\"position\":1,\"name\":\"Startseite\",\"item\":\"https:\\\/\\\/www.berghotel-presslauer.at\\\/en\\\/\"},{\"@type\":\"ListItem\",\"position\":2,\"name\":\"Imprint\"}]},{\"@type\":\"WebSite\",\"@id\":\"https:\\\/\\\/www.berghotel-presslauer.at\\\/en\\\/#website\",\"url\":\"https:\\\/\\\/www.berghotel-presslauer.at\\\/en\\\/\",\"name\":\"Berghotel Presslauer\",\"description\":\"Hotel | Zimmer | Ferienwohnungen | Nassfeld in K\u00e4rnten\",\"publisher\":{\"@id\":\"https:\\\/\\\/www.berghotel-presslauer.at\\\/en\\\/#organization\"},\"potentialAction\":[{\"@type\":\"SearchAction\",\"target\":{\"@type\":\"EntryPoint\",\"urlTemplate\":\"https:\\\/\\\/www.berghotel-presslauer.at\\\/en\\\/?s={search_term_string}\"},\"query-input\":{\"@type\":\"PropertyValueSpecification\",\"valueRequired\":true,\"valueName\":\"search_term_string\"}}],\"inLanguage\":\"en-US\"},{\"@type\":\"Organization\",\"@id\":\"https:\\\/\\\/www.berghotel-presslauer.at\\\/en\\\/#organization\",\"name\":\"Berghotel Presslauer\",\"url\":\"https:\\\/\\\/www.berghotel-presslauer.at\\\/en\\\/\",\"logo\":{\"@type\":\"ImageObject\",\"inLanguage\":\"en-US\",\"@id\":\"https:\\\/\\\/www.berghotel-presslauer.at\\\/en\\\/#\\\/schema\\\/logo\\\/image\\\/\",\"url\":\"https:\\\/\\\/www.berghotel-presslauer.at\\\/wp-content\\\/uploads\\\/2022\\\/10\\\/cropped-Logo_neu_Berghotel-Presslauer_Startseite.png\",\"contentUrl\":\"https:\\\/\\\/www.berghotel-presslauer.at\\\/wp-content\\\/uploads\\\/2022\\\/10\\\/cropped-Logo_neu_Berghotel-Presslauer_Startseite.png\",\"width\":245,\"height\":124,\"caption\":\"Berghotel Presslauer\"},\"image\":{\"@id\":\"https:\\\/\\\/www.berghotel-presslauer.at\\\/en\\\/#\\\/schema\\\/logo\\\/image\\\/\"}}]}<\/script>","yoast_head_json":{"title":"Imprint & Company Details of the Berghotel Presslauer","description":"Find the imprint & important company information about Berghotel Presslauer GmbH here. Do not hesitate to contact us for further information!","robots":{"index":"index","follow":"follow","max-snippet":"max-snippet:-1","max-image-preview":"max-image-preview:large","max-video-preview":"max-video-preview:-1"},"canonical":"https:\/\/www.berghotel-presslauer.at\/en\/imprint\/","og_locale":"en_US","og_type":"article","og_title":"Imprint & Company Details of the Berghotel Presslauer","og_description":"Find the imprint & important company information about Berghotel Presslauer GmbH here. Do not hesitate to contact us for further information!","og_url":"https:\/\/www.berghotel-presslauer.at\/en\/imprint\/","og_site_name":"Berghotel Presslauer","article_modified_time":"2025-10-24T04:55:17+00:00","og_image":[{"width":2301,"height":1536,"url":"https:\/\/www.berghotel-presslauer.at\/wp-content\/uploads\/2019\/09\/Teich-mit-Hotel.jpg","type":"image\/jpeg"}],"twitter_card":"summary_large_image","twitter_misc":{"Est. reading time":"6 minutes"},"schema":{"@context":"https:\/\/schema.org","@graph":[{"@type":"WebPage","@id":"https:\/\/www.berghotel-presslauer.at\/en\/imprint\/","url":"https:\/\/www.berghotel-presslauer.at\/en\/imprint\/","name":"Imprint & Company Details of the Berghotel Presslauer","isPartOf":{"@id":"https:\/\/www.berghotel-presslauer.at\/en\/#website"},"primaryImageOfPage":{"@id":"https:\/\/www.berghotel-presslauer.at\/en\/imprint\/#primaryimage"},"image":{"@id":"https:\/\/www.berghotel-presslauer.at\/en\/imprint\/#primaryimage"},"thumbnailUrl":"https:\/\/www.berghotel-presslauer.at\/wp-content\/uploads\/2019\/09\/Teich-mit-Hotel.jpg","datePublished":"2019-10-15T09:53:49+00:00","dateModified":"2025-10-24T04:55:17+00:00","description":"Find the imprint & important company information about Berghotel Presslauer GmbH here. Do not hesitate to contact us for further information!","breadcrumb":{"@id":"https:\/\/www.berghotel-presslauer.at\/en\/imprint\/#breadcrumb"},"inLanguage":"en-US","potentialAction":[{"@type":"ReadAction","target":["https:\/\/www.berghotel-presslauer.at\/en\/imprint\/"]}]},{"@type":"ImageObject","inLanguage":"en-US","@id":"https:\/\/www.berghotel-presslauer.at\/en\/imprint\/#primaryimage","url":"https:\/\/www.berghotel-presslauer.at\/wp-content\/uploads\/2019\/09\/Teich-mit-Hotel.jpg","contentUrl":"https:\/\/www.berghotel-presslauer.at\/wp-content\/uploads\/2019\/09\/Teich-mit-Hotel.jpg","width":2301,"height":1536},{"@type":"BreadcrumbList","@id":"https:\/\/www.berghotel-presslauer.at\/en\/imprint\/#breadcrumb","itemListElement":[{"@type":"ListItem","position":1,"name":"Startseite","item":"https:\/\/www.berghotel-presslauer.at\/en\/"},{"@type":"ListItem","position":2,"name":"Imprint"}]},{"@type":"WebSite","@id":"https:\/\/www.berghotel-presslauer.at\/en\/#website","url":"https:\/\/www.berghotel-presslauer.at\/en\/","name":"Berghotel Presslauer","description":"Hotel | Zimmer | Ferienwohnungen | Nassfeld in K\u00e4rnten","publisher":{"@id":"https:\/\/www.berghotel-presslauer.at\/en\/#organization"},"potentialAction":[{"@type":"SearchAction","target":{"@type":"EntryPoint","urlTemplate":"https:\/\/www.berghotel-presslauer.at\/en\/?s={search_term_string}"},"query-input":{"@type":"PropertyValueSpecification","valueRequired":true,"valueName":"search_term_string"}}],"inLanguage":"en-US"},{"@type":"Organization","@id":"https:\/\/www.berghotel-presslauer.at\/en\/#organization","name":"Berghotel Presslauer","url":"https:\/\/www.berghotel-presslauer.at\/en\/","logo":{"@type":"ImageObject","inLanguage":"en-US","@id":"https:\/\/www.berghotel-presslauer.at\/en\/#\/schema\/logo\/image\/","url":"https:\/\/www.berghotel-presslauer.at\/wp-content\/uploads\/2022\/10\/cropped-Logo_neu_Berghotel-Presslauer_Startseite.png","contentUrl":"https:\/\/www.berghotel-presslauer.at\/wp-content\/uploads\/2022\/10\/cropped-Logo_neu_Berghotel-Presslauer_Startseite.png","width":245,"height":124,"caption":"Berghotel Presslauer"},"image":{"@id":"https:\/\/www.berghotel-presslauer.at\/en\/#\/schema\/logo\/image\/"}}]}},"_links":{"self":[{"href":"https:\/\/www.berghotel-presslauer.at\/en\/wp-json\/wp\/v2\/pages\/2085","targetHints":{"allow":["GET"]}}],"collection":[{"href":"https:\/\/www.berghotel-presslauer.at\/en\/wp-json\/wp\/v2\/pages"}],"about":[{"href":"https:\/\/www.berghotel-presslauer.at\/en\/wp-json\/wp\/v2\/types\/page"}],"author":[{"embeddable":true,"href":"https:\/\/www.berghotel-presslauer.at\/en\/wp-json\/wp\/v2\/users\/1"}],"replies":[{"embeddable":true,"href":"https:\/\/www.berghotel-presslauer.at\/en\/wp-json\/wp\/v2\/comments?post=2085"}],"version-history":[{"count":4,"href":"https:\/\/www.berghotel-presslauer.at\/en\/wp-json\/wp\/v2\/pages\/2085\/revisions"}],"predecessor-version":[{"id":4246,"href":"https:\/\/www.berghotel-presslauer.at\/en\/wp-json\/wp\/v2\/pages\/2085\/revisions\/4246"}],"wp:featuredmedia":[{"embeddable":true,"href":"https:\/\/www.berghotel-presslauer.at\/en\/wp-json\/wp\/v2\/media\/1041"}],"wp:attachment":[{"href":"https:\/\/www.berghotel-presslauer.at\/en\/wp-json\/wp\/v2\/media?parent=2085"}],"curies":[{"name":"wp","href":"https:\/\/api.w.org\/{rel}","templated":true}]}}